{"id":2461,"date":"2023-02-27T09:37:36","date_gmt":"2023-02-27T09:37:36","guid":{"rendered":"https:\/\/hardysindustries.eu\/o-nas\/"},"modified":"2023-09-28T12:00:05","modified_gmt":"2023-09-28T12:00:05","slug":"o-nas","status":"publish","type":"page","link":"https:\/\/hardysindustries.eu\/pl\/o-nas\/","title":{"rendered":"O nas"},"content":{"rendered":"\n<p class=\"is-style-intro-text\">Hardy&#8217;s Industries to solidna, rozwijaj\u0105ca si\u0119 firma, kt\u00f3ra obs\u0142uguje klient\u00f3w w Polsce i za granic\u0105. Nasze zespo\u0142y pracownik\u00f3w administracyjnych, kierownik\u00f3w projekt\u00f3w i technik\u00f3w dzia\u0142aj\u0105 w Belgii, Francji, Luksemburgu, Holandii i Polsce.<\/p>\n\n\n<div class='wp-block-text-container  '>\n<h2 class=\"wp-block-heading\" id=\"movie\">Obejrzyj nasz film firmowy <\/h2>\n<\/div>\n\n<div x-data x-cloak>\n            <div x-show='!$store.checkCookiesBeforeRendering.marketingCookiesAccepted'>\n                <p>Ta zawarto\u015b\u0107 jest zablokowana. Aby wy\u015bwietli\u0107 t\u0119 zawarto\u015b\u0107, zaakceptuj pliki cookie.<\/p>\n                <button data-cc='accept-all' class='underline'>Akceptuj pliki cookie<\/button>\n            <\/div>\n            <div x-show='$store.checkCookiesBeforeRendering.marketingCookiesAccepted'>\n<figure class=\"wp-block-embed is-type-video is-provider-youtube wp-block-embed-youtube wp-embed-aspect-16-9 wp-has-aspect-ratio\"><div class=\"wp-block-embed__wrapper\">\n<iframe loading=\"lazy\" title=\"Corporate video Hardy&#039;s Industries\" width=\"500\" height=\"281\" src=\"https:\/\/www.youtube.com\/embed\/seMDhByztaU?feature=oembed\" frameborder=\"0\" allow=\"accelerometer; autoplay; clipboard-write; encrypted-media; gyroscope; picture-in-picture; web-share\" referrerpolicy=\"strict-origin-when-cross-origin\" allowfullscreen><\/iframe>\n<\/div><\/figure>\n<\/div>\n        <\/div>\n\n\n<p class=\"has-margin-extra-small\"><\/p>\n\n\n<div\n    class=\"overflow-hidden wp-block-group is-style-group-graphic has-black-background-color has-background wp-blocks-block  alignfull has-margin-small\"\n>\n    <div class=\"flex flex-col lg:flex-row h-122 container\">\n        <div class=\"flex flex-col justify-center lg:pr-16 lg:w-min lg:flex-grow order-2 lg:order-1 !text-right lg:!text-left\">\n                            <div class=\"text-3xl lg:text-4xl whitespace-pre-line text-white font-normal\">&ldquo;Co sprawia, \u017ce chc\u0119 przychodzi\u0107 do pracy ka\u017cdego dnia? To ludzie, zar\u00f3wno klienci, jak i moi wsp\u00f3\u0142pracownicy. To w\u0142a\u015bnie dzi\u0119ki jednolitej wizji ca\u0142ego zespo\u0142u, Hardy&#039;s Industries zyska\u0142o bardzo dobr\u0105 opini\u0119 w bran\u017cy. &rdquo;<\/div>\n                        <div class=\"mt-8\">\n                                    <div class=\"text-white font-bold uppercase\">David<\/div>\n                                                    <div class=\"text-primary-500 mt-1\">Kierownik projektu Hardy&#039;s Industries<\/div>\n                            <\/div>\n        <\/div>\n        <div class=\"self-center order-1 lg:order-2\">\n                            <img decoding=\"async\"\n            src=\"https:\/\/hardysindustries.eu\/uploads\/2023\/03\/Project-Manager-David-Servaes-scaled.jpg\" alt=\"\" srcset=\"https:\/\/hardysindustries.eu\/uploads\/2023\/03\/Project-Manager-David-Servaes-300x200.jpg 300w, https:\/\/hardysindustries.eu\/uploads\/2023\/03\/Project-Manager-David-Servaes-1024x683.jpg 1024w, https:\/\/hardysindustries.eu\/uploads\/2023\/03\/Project-Manager-David-Servaes-768x512.jpg 768w, https:\/\/hardysindustries.eu\/uploads\/2023\/03\/Project-Manager-David-Servaes-1536x1024.jpg 1536w, https:\/\/hardysindustries.eu\/uploads\/2023\/03\/Project-Manager-David-Servaes-2048x1365.jpg 2048w\" width=\"2560\" height=\"1707\" loading=\"lazy\" class=\"mb-8 lg:mb-0 self-center rounded-full !w-72 !h-72 md:!h-96 md:!w-96 lg:!w-112 lg:!h-112 object-cover\"\n        >\n\n        \n        \n        \n        \n\n                    <\/div>\n    <\/div>\n<\/div>\n\n\n<div\n    class=\"wp-blocks-block  alignfull\"\n>\n    <div class=\"w-full relative min-h-144\">\n        <img decoding=\"async\"\n            src=\"https:\/\/hardysindustries.eu\/uploads\/2023\/02\/ontwerp-magazijninrichting-1.jpg\" alt=\"\" srcset=\"https:\/\/hardysindustries.eu\/uploads\/2023\/02\/ontwerp-magazijninrichting-1-300x200.jpg 300w, https:\/\/hardysindustries.eu\/uploads\/2023\/02\/ontwerp-magazijninrichting-1-768x512.jpg 768w, https:\/\/hardysindustries.eu\/uploads\/2023\/02\/ontwerp-magazijninrichting-1.jpg 1000w\" width=\"1000\" height=\"667\" loading=\"lazy\" class=\"absolute inset-0 !w-full !h-full object-cover\"\n        >\n\n        \n        \n        \n        \n\n\n        <div class=\"absolute z-0 inset-0 h-full w-full\"><\/div>\n\n        <div class=\"relative h-full text-white py-12 xl:py-18\">\n            <div\n                class=\"min-h-144 h-full container flex items-end\"\n            >\n                <div\n                     class=\"bg-primary-100 text-black p-8 lg:p-16 border-b-4 border-primary-500 grid gap-8 max-w-4xl md:grid-cols-2 gap-4\"\n                >\n                                            <h2>\n                            Do\u0142\u0105cz do naszego zespo\u0142u!\n                        <\/h2>\n                                        <div>\n                                                    <p class=\"mb-8\">\n                                Interesuje Ci\u0119 odpowiedzialna praca z dobrymi mo\u017cliwo\u015bciami rozwoju w bran\u017cy logistycznej?\n                            <\/p>\n                                                                            <a\n    class=\"group flex items-center space-x-6 py-2 sm:py-3 px-6 border leading-none inline-flex items-center justify-center transition-colors duration-200 no-underline !text-primary-900 border-transparent bg-primary-500 hover:bg-primary-400 px-4 button-style-primary button-color-primary rounded-lg\" href=\"https:\/\/hardysindustries.eu\/pl\/oferty-pracy\/\"\n\n            href=\"1\"\n        target=\"_self\"\n    \n    >\n    \n    <span>Oferty pracy<\/span>\n\n        <span class=\"transition-transform duration-200 group-hover:translate-x-1\">\n        <svg xmlns=\"http:\/\/www.w3.org\/2000\/svg\" viewBox=\"0 0 448 512\" class=\"svg-inline--fa  far fa-long-arrow-right\" role=\"img\" aria-hidden=\"true\" style=\"color:currentColor\"><!-- Font Awesome Pro 5.15.3 by @fontawesome - https:\/\/fontawesome.com License - https:\/\/fontawesome.com\/license (Commercial License) --><path d=\"M295.515 115.716l-19.626 19.626c-4.753 4.753-4.675 12.484.173 17.14L356.78 230H12c-6.627 0-12 5.373-12 12v28c0 6.627 5.373 12 12 12h344.78l-80.717 77.518c-4.849 4.656-4.927 12.387-.173 17.14l19.626 19.626c4.686 4.686 12.284 4.686 16.971 0l131.799-131.799c4.686-4.686 4.686-12.284 0-16.971L312.485 115.716c-4.686-4.686-12.284-4.686-16.97 0z\" fill=\"currentColor\"><\/path><\/svg>\n    <\/span>\n    <\/a>\n                                            <\/div>\n                <\/div>\n            <\/div>\n        <\/div>\n    <\/div>\n<\/div>\n\n\n<div\n    class=\"wp-blocks-block  alignwide\"\n>\n    <div class=\"mb-52\">\n        <div class=\"flex flex-col sm:flex-row justify-between w-fit sm:w-full mb-12 flex-wrap\">\n                            <h2 class=\"is-style-heading-underlined\">Projekty<\/h2>\n            \n                            <a class=\"flex items-end border-b border-primary-500 pb-1 pt-4 group w-fit\" href=\"https:\/\/hardysindustries.eu\/pl\/projekty\/\">\n                    <span class=\"font-bold\">All cases<\/span>\n                    <span class=\"text-primary-500 ml-4 transition-transform duration-200 group-hover:translate-x-1\">\n                        <svg xmlns=\"http:\/\/www.w3.org\/2000\/svg\" viewBox=\"0 0 448 512\" class=\"svg-inline--fa  far fa-long-arrow-right\" role=\"img\" aria-hidden=\"true\" style=\"color:currentColor\"><!-- Font Awesome Pro 5.15.3 by @fontawesome - https:\/\/fontawesome.com License - https:\/\/fontawesome.com\/license (Commercial License) --><path d=\"M295.515 115.716l-19.626 19.626c-4.753 4.753-4.675 12.484.173 17.14L356.78 230H12c-6.627 0-12 5.373-12 12v28c0 6.627 5.373 12 12 12h344.78l-80.717 77.518c-4.849 4.656-4.927 12.387-.173 17.14l19.626 19.626c4.686 4.686 12.284 4.686 16.971 0l131.799-131.799c4.686-4.686 4.686-12.284 0-16.971L312.485 115.716c-4.686-4.686-12.284-4.686-16.97 0z\" fill=\"currentColor\"><\/path><\/svg>\n                    <\/span>\n                <\/a>\n                    <\/div>\n                    <div class=\"grid lg:grid-cols-2 gap-44 lg:gap-12 w-full\">\n                                    <div class=\"min-h-96 relative bg-secondary-100\">\n                        <img decoding=\"async\"\n            src=\"https:\/\/hardysindustries.eu\/uploads\/2023\/02\/magazijnrek_HardysIndustries-1-2-1024x683.jpg\" alt=\"\" srcset=\"https:\/\/hardysindustries.eu\/uploads\/2023\/02\/magazijnrek_HardysIndustries-1-2-300x200.jpg 300w, https:\/\/hardysindustries.eu\/uploads\/2023\/02\/magazijnrek_HardysIndustries-1-2-1024x683.jpg 1024w, https:\/\/hardysindustries.eu\/uploads\/2023\/02\/magazijnrek_HardysIndustries-1-2-768x512.jpg 768w, https:\/\/hardysindustries.eu\/uploads\/2023\/02\/magazijnrek_HardysIndustries-1-2-1536x1024.jpg 1536w, https:\/\/hardysindustries.eu\/uploads\/2023\/02\/magazijnrek_HardysIndustries-1-2-2048x1365.jpg 2048w\" width=\"1024\" height=\"683\" loading=\"lazy\" class=\"object-cover !h-96\"\n        >\n\n        \n        \n        \n        \n\n                        <div class=\"absolute -bottom-32 min-h-32 p-4 sm:p-8 bg-primary-100 border-b-2 border-primary-500 flex flex-col gap-4 sm:gap-8 sm:w-3\/5 lg:w-full xl:w-3\/5\">\n                                                            <p class=\"text-gray-700 uppercase\">\n                                    Wyposazenie sklepu\n                                <\/p>\n                                                                                        <div class=\"normal-case text-xl lg:text-2xl font-bold leading-snug\">\n                                    Grupa Colruyt\n                                <\/div>\n                                                                                        <a class=\"flex border-b border-primary-500 w-fit pb-1 group\" href=\"https:\/\/hardysindustries.eu\/pl\/project\/grupa-colruyt\/\">\n                                    <span class=\"font-bold\">Wi\u0119cej<\/span>\n                                    <span class=\"text-primary-500 ml-4 transition-transform duration-200 group-hover:translate-x-1\">\n                                        <svg xmlns=\"http:\/\/www.w3.org\/2000\/svg\" viewBox=\"0 0 448 512\" class=\"svg-inline--fa  far fa-long-arrow-right\" role=\"img\" aria-hidden=\"true\" style=\"color:currentColor\"><!-- Font Awesome Pro 5.15.3 by @fontawesome - https:\/\/fontawesome.com License - https:\/\/fontawesome.com\/license (Commercial License) --><path d=\"M295.515 115.716l-19.626 19.626c-4.753 4.753-4.675 12.484.173 17.14L356.78 230H12c-6.627 0-12 5.373-12 12v28c0 6.627 5.373 12 12 12h344.78l-80.717 77.518c-4.849 4.656-4.927 12.387-.173 17.14l19.626 19.626c4.686 4.686 12.284 4.686 16.971 0l131.799-131.799c4.686-4.686 4.686-12.284 0-16.971L312.485 115.716c-4.686-4.686-12.284-4.686-16.97 0z\" fill=\"currentColor\"><\/path><\/svg>\n                                    <\/span>\n                                <\/a>\n                                                    <\/div>\n                    <\/div>\n                                    <div class=\"min-h-96 relative bg-secondary-100\">\n                        <img decoding=\"async\"\n            src=\"https:\/\/hardysindustries.eu\/uploads\/2023\/02\/palletstelling-magazijn-warehouse-00003-1024x683.jpg\" alt=\"\" srcset=\"https:\/\/hardysindustries.eu\/uploads\/2023\/02\/palletstelling-magazijn-warehouse-00003-300x200.jpg 300w, https:\/\/hardysindustries.eu\/uploads\/2023\/02\/palletstelling-magazijn-warehouse-00003-1024x683.jpg 1024w, https:\/\/hardysindustries.eu\/uploads\/2023\/02\/palletstelling-magazijn-warehouse-00003-768x512.jpg 768w, https:\/\/hardysindustries.eu\/uploads\/2023\/02\/palletstelling-magazijn-warehouse-00003-1536x1024.jpg 1536w, https:\/\/hardysindustries.eu\/uploads\/2023\/02\/palletstelling-magazijn-warehouse-00003-2048x1365.jpg 2048w\" width=\"1024\" height=\"683\" loading=\"lazy\" class=\"object-cover !h-96\"\n        >\n\n        \n        \n        \n        \n\n                        <div class=\"absolute -bottom-32 min-h-32 p-4 sm:p-8 bg-primary-100 border-b-2 border-primary-500 flex flex-col gap-4 sm:gap-8 sm:w-3\/5 lg:w-full xl:w-3\/5\">\n                                                            <p class=\"text-gray-700 uppercase\">\n                                    Logistyka\n                                <\/p>\n                                                                                        <div class=\"normal-case text-xl lg:text-2xl font-bold leading-snug\">\n                                    Katoen Natie\n                                <\/div>\n                                                                                        <a class=\"flex border-b border-primary-500 w-fit pb-1 group\" href=\"https:\/\/hardysindustries.eu\/pl\/project\/katoen-natie\/\">\n                                    <span class=\"font-bold\">Wi\u0119cej<\/span>\n                                    <span class=\"text-primary-500 ml-4 transition-transform duration-200 group-hover:translate-x-1\">\n                                        <svg xmlns=\"http:\/\/www.w3.org\/2000\/svg\" viewBox=\"0 0 448 512\" class=\"svg-inline--fa  far fa-long-arrow-right\" role=\"img\" aria-hidden=\"true\" style=\"color:currentColor\"><!-- Font Awesome Pro 5.15.3 by @fontawesome - https:\/\/fontawesome.com License - https:\/\/fontawesome.com\/license (Commercial License) --><path d=\"M295.515 115.716l-19.626 19.626c-4.753 4.753-4.675 12.484.173 17.14L356.78 230H12c-6.627 0-12 5.373-12 12v28c0 6.627 5.373 12 12 12h344.78l-80.717 77.518c-4.849 4.656-4.927 12.387-.173 17.14l19.626 19.626c4.686 4.686 12.284 4.686 16.971 0l131.799-131.799c4.686-4.686 4.686-12.284 0-16.971L312.485 115.716c-4.686-4.686-12.284-4.686-16.97 0z\" fill=\"currentColor\"><\/path><\/svg>\n                                    <\/span>\n                                <\/a>\n                                                    <\/div>\n                    <\/div>\n                            <\/div>\n            <\/div>\n<\/div>\n","protected":false},"excerpt":{"rendered":"<p>Hardy&#8217;s Industries to solidna, rozwijaj\u0105ca si\u0119 firma, kt\u00f3ra obs\u0142uguje klient\u00f3w w Polsce i za granic\u0105. Nasze zespo\u0142y pracownik\u00f3w administracyjnych, kierownik\u00f3w projekt\u00f3w i technik\u00f3w dzia\u0142aj\u0105 w Belgii, Francji, Luksemburgu, Holandii i Polsce. Obejrzyj nasz film firmowy<\/p>\n","protected":false},"author":2,"featured_media":2202,"parent":0,"menu_order":0,"comment_status":"closed","ping_status":"closed","template":"","meta":{"_acf_changed":false,"footnotes":""},"class_list":["post-2461","page","type-page","status-publish","has-post-thumbnail","hentry"],"acf":[],"yoast_head":"<!-- This site is optimized with the Yoast SEO plugin v23.3 - https:\/\/yoast.com\/wordpress\/plugins\/seo\/ -->\n<title>O nas - Hardy&#039;s Industries<\/title>\n<meta name=\"description\" content=\"Poznaj Hardy\u2019s Industries \u2014 specjalist\u00f3w w projektowaniu i wyposa\u017caniu magazyn\u00f3w. Dowiedz si\u0119, jak wspieramy firmy w budowie bezpiecznych i wydajnych przestrzeni.\" \/>\n<meta name=\"robots\" content=\"index, follow, max-snippet:-1, max-image-preview:large, max-video-preview:-1\" \/>\n<link rel=\"canonical\" href=\"https:\/\/hardysindustries.eu\/pl\/o-nas\/\" \/>\n<meta property=\"og:locale\" content=\"pl_PL\" \/>\n<meta property=\"og:type\" content=\"article\" \/>\n<meta property=\"og:title\" content=\"O nas - Hardy&#039;s Industries\" \/>\n<meta property=\"og:description\" content=\"Poznaj Hardy\u2019s Industries \u2014 specjalist\u00f3w w projektowaniu i wyposa\u017caniu magazyn\u00f3w. Dowiedz si\u0119, jak wspieramy firmy w budowie bezpiecznych i wydajnych przestrzeni.\" \/>\n<meta property=\"og:url\" content=\"https:\/\/hardysindustries.eu\/pl\/o-nas\/\" \/>\n<meta property=\"og:site_name\" content=\"Hardy&#039;s Industries\" \/>\n<meta property=\"article:modified_time\" content=\"2023-09-28T12:00:05+00:00\" \/>\n<meta property=\"og:image\" content=\"https:\/\/hardysindustries.eu\/uploads\/2023\/03\/hardys-industries4.jpg\" \/>\n\t<meta property=\"og:image:width\" content=\"2000\" \/>\n\t<meta property=\"og:image:height\" content=\"1089\" \/>\n\t<meta property=\"og:image:type\" content=\"image\/jpeg\" \/>\n<meta name=\"twitter:card\" content=\"summary_large_image\" \/>\n<meta name=\"twitter:label1\" content=\"Szacowany czas czytania\" \/>\n\t<meta name=\"twitter:data1\" content=\"1 minuta\" \/>\n<script type=\"application\/ld+json\" class=\"yoast-schema-graph\">{\"@context\":\"https:\/\/schema.org\",\"@graph\":[{\"@type\":\"WebPage\",\"@id\":\"https:\/\/hardysindustries.eu\/pl\/o-nas\/\",\"url\":\"https:\/\/hardysindustries.eu\/pl\/o-nas\/\",\"name\":\"O nas - Hardy's Industries\",\"isPartOf\":{\"@id\":\"https:\/\/hardysindustries.eu\/pl\/#website\"},\"primaryImageOfPage\":{\"@id\":\"https:\/\/hardysindustries.eu\/pl\/o-nas\/#primaryimage\"},\"image\":{\"@id\":\"https:\/\/hardysindustries.eu\/pl\/o-nas\/#primaryimage\"},\"thumbnailUrl\":\"https:\/\/hardysindustries.eu\/uploads\/2023\/03\/hardys-industries4.jpg\",\"datePublished\":\"2023-02-27T09:37:36+00:00\",\"dateModified\":\"2023-09-28T12:00:05+00:00\",\"description\":\"Poznaj Hardy\u2019s Industries \u2014 specjalist\u00f3w w projektowaniu i wyposa\u017caniu magazyn\u00f3w. Dowiedz si\u0119, jak wspieramy firmy w budowie bezpiecznych i wydajnych przestrzeni.\",\"breadcrumb\":{\"@id\":\"https:\/\/hardysindustries.eu\/pl\/o-nas\/#breadcrumb\"},\"inLanguage\":\"pl-PL\",\"potentialAction\":[{\"@type\":\"ReadAction\",\"target\":[\"https:\/\/hardysindustries.eu\/pl\/o-nas\/\"]}]},{\"@type\":\"ImageObject\",\"inLanguage\":\"pl-PL\",\"@id\":\"https:\/\/hardysindustries.eu\/pl\/o-nas\/#primaryimage\",\"url\":\"https:\/\/hardysindustries.eu\/uploads\/2023\/03\/hardys-industries4.jpg\",\"contentUrl\":\"https:\/\/hardysindustries.eu\/uploads\/2023\/03\/hardys-industries4.jpg\",\"width\":2000,\"height\":1089},{\"@type\":\"BreadcrumbList\",\"@id\":\"https:\/\/hardysindustries.eu\/pl\/o-nas\/#breadcrumb\",\"itemListElement\":[{\"@type\":\"ListItem\",\"position\":1,\"name\":\"Home\",\"item\":\"https:\/\/hardysindustries.eu\/pl\/\"},{\"@type\":\"ListItem\",\"position\":2,\"name\":\"O nas\"}]},{\"@type\":\"WebSite\",\"@id\":\"https:\/\/hardysindustries.eu\/pl\/#website\",\"url\":\"https:\/\/hardysindustries.eu\/pl\/\",\"name\":\"Hardy&#039;s Industries\",\"description\":\"Your partner in logistic projects\",\"potentialAction\":[{\"@type\":\"SearchAction\",\"target\":{\"@type\":\"EntryPoint\",\"urlTemplate\":\"https:\/\/hardysindustries.eu\/pl\/?s={search_term_string}\"},\"query-input\":\"required name=search_term_string\"}],\"inLanguage\":\"pl-PL\"}]}<\/script>\n<!-- \/ Yoast SEO plugin. -->","yoast_head_json":{"title":"O nas - Hardy's Industries","description":"Poznaj Hardy\u2019s Industries \u2014 specjalist\u00f3w w projektowaniu i wyposa\u017caniu magazyn\u00f3w. Dowiedz si\u0119, jak wspieramy firmy w budowie bezpiecznych i wydajnych przestrzeni.","robots":{"index":"index","follow":"follow","max-snippet":"max-snippet:-1","max-image-preview":"max-image-preview:large","max-video-preview":"max-video-preview:-1"},"canonical":"https:\/\/hardysindustries.eu\/pl\/o-nas\/","og_locale":"pl_PL","og_type":"article","og_title":"O nas - Hardy's Industries","og_description":"Poznaj Hardy\u2019s Industries \u2014 specjalist\u00f3w w projektowaniu i wyposa\u017caniu magazyn\u00f3w. Dowiedz si\u0119, jak wspieramy firmy w budowie bezpiecznych i wydajnych przestrzeni.","og_url":"https:\/\/hardysindustries.eu\/pl\/o-nas\/","og_site_name":"Hardy&#039;s Industries","article_modified_time":"2023-09-28T12:00:05+00:00","og_image":[{"width":2000,"height":1089,"url":"https:\/\/hardysindustries.eu\/uploads\/2023\/03\/hardys-industries4.jpg","type":"image\/jpeg"}],"twitter_card":"summary_large_image","twitter_misc":{"Szacowany czas czytania":"1 minuta"},"schema":{"@context":"https:\/\/schema.org","@graph":[{"@type":"WebPage","@id":"https:\/\/hardysindustries.eu\/pl\/o-nas\/","url":"https:\/\/hardysindustries.eu\/pl\/o-nas\/","name":"O nas - Hardy's Industries","isPartOf":{"@id":"https:\/\/hardysindustries.eu\/pl\/#website"},"primaryImageOfPage":{"@id":"https:\/\/hardysindustries.eu\/pl\/o-nas\/#primaryimage"},"image":{"@id":"https:\/\/hardysindustries.eu\/pl\/o-nas\/#primaryimage"},"thumbnailUrl":"https:\/\/hardysindustries.eu\/uploads\/2023\/03\/hardys-industries4.jpg","datePublished":"2023-02-27T09:37:36+00:00","dateModified":"2023-09-28T12:00:05+00:00","description":"Poznaj Hardy\u2019s Industries \u2014 specjalist\u00f3w w projektowaniu i wyposa\u017caniu magazyn\u00f3w. Dowiedz si\u0119, jak wspieramy firmy w budowie bezpiecznych i wydajnych przestrzeni.","breadcrumb":{"@id":"https:\/\/hardysindustries.eu\/pl\/o-nas\/#breadcrumb"},"inLanguage":"pl-PL","potentialAction":[{"@type":"ReadAction","target":["https:\/\/hardysindustries.eu\/pl\/o-nas\/"]}]},{"@type":"ImageObject","inLanguage":"pl-PL","@id":"https:\/\/hardysindustries.eu\/pl\/o-nas\/#primaryimage","url":"https:\/\/hardysindustries.eu\/uploads\/2023\/03\/hardys-industries4.jpg","contentUrl":"https:\/\/hardysindustries.eu\/uploads\/2023\/03\/hardys-industries4.jpg","width":2000,"height":1089},{"@type":"BreadcrumbList","@id":"https:\/\/hardysindustries.eu\/pl\/o-nas\/#breadcrumb","itemListElement":[{"@type":"ListItem","position":1,"name":"Home","item":"https:\/\/hardysindustries.eu\/pl\/"},{"@type":"ListItem","position":2,"name":"O nas"}]},{"@type":"WebSite","@id":"https:\/\/hardysindustries.eu\/pl\/#website","url":"https:\/\/hardysindustries.eu\/pl\/","name":"Hardy&#039;s Industries","description":"Your partner in logistic projects","potentialAction":[{"@type":"SearchAction","target":{"@type":"EntryPoint","urlTemplate":"https:\/\/hardysindustries.eu\/pl\/?s={search_term_string}"},"query-input":"required name=search_term_string"}],"inLanguage":"pl-PL"}]}},"_links":{"self":[{"href":"https:\/\/hardysindustries.eu\/pl\/wp-json\/wp\/v2\/pages\/2461"}],"collection":[{"href":"https:\/\/hardysindustries.eu\/pl\/wp-json\/wp\/v2\/pages"}],"about":[{"href":"https:\/\/hardysindustries.eu\/pl\/wp-json\/wp\/v2\/types\/page"}],"author":[{"embeddable":true,"href":"https:\/\/hardysindustries.eu\/pl\/wp-json\/wp\/v2\/users\/2"}],"replies":[{"embeddable":true,"href":"https:\/\/hardysindustries.eu\/pl\/wp-json\/wp\/v2\/comments?post=2461"}],"version-history":[{"count":2,"href":"https:\/\/hardysindustries.eu\/pl\/wp-json\/wp\/v2\/pages\/2461\/revisions"}],"predecessor-version":[{"id":3030,"href":"https:\/\/hardysindustries.eu\/pl\/wp-json\/wp\/v2\/pages\/2461\/revisions\/3030"}],"wp:featuredmedia":[{"embeddable":true,"href":"https:\/\/hardysindustries.eu\/pl\/wp-json\/wp\/v2\/media\/2202"}],"wp:attachment":[{"href":"https:\/\/hardysindustries.eu\/pl\/wp-json\/wp\/v2\/media?parent=2461"}],"curies":[{"name":"wp","href":"https:\/\/api.w.org\/{rel}","templated":true}]}}