{"id":2510,"date":"2023-02-16T08:56:48","date_gmt":"2023-02-16T08:56:48","guid":{"rendered":"https:\/\/hardysindustries.eu\/product\/racks-de-stockage-en-vrac\/"},"modified":"2026-03-09T10:06:19","modified_gmt":"2026-03-09T10:06:19","slug":"racks-de-stockage-en-vrac","status":"publish","type":"product","link":"https:\/\/hardysindustries.eu\/fr\/product\/racks-de-stockage-en-vrac\/","title":{"rendered":"Racks de stockage en vrac"},"content":{"rendered":"\n<p class=\"has-margin-small is-style-intro-text\">Ce type de rayonnage n\u2019est pas pr\u00e9vu pour accueillir des palettes, mais des produits d\u00e9vers\u00e9s <strong>en vrac<\/strong>. Ces racks peuvent accepter des marchandises tr\u00e8s diverses, plus volumineuses et moyennement lourdes.<\/p>\n\n\n<div class='wp-block-text-container  has-margin-extra-small'>\n<h2 class=\"has-margin-extra-small wp-block-heading\">Une solution de qualit\u00e9<\/h2>\n<\/div>\n\n\n<p class=\"has-margin-extra-small\">Un rack de stockage en vrac est compos\u00e9 de montants, de poutrelles et de panneaux ou d\u2019\u00e9tag\u00e8res et peut accepter une grande diversit\u00e9 de marchandises de poids moyen qui y sont rang\u00e9es \u00e0 la main. Ces marchandises sont directement plac\u00e9es sur le rack. Bo\u00eetes en carton, bacs, outils&#8230; la solution id\u00e9ale pour les marchandises ne n\u00e9cessitant pas un stockage sur palette, mais bien des rayonnages costauds.<\/p>\n\n\n<div class='wp-block-text-container  has-margin-extra-small'>\n<h2 class=\"has-margin-extra-small wp-block-heading\">Modulaire et modulable<\/h2>\n<\/div>\n\n\n<p>Les produits ne cessent de se diversifier, et les syst\u00e8mes de stockage doivent suivre cette tendance. R\u00e9sistants et tr\u00e8s polyvalents, les racks de stockage en vrac offrent beaucoup de place pour les articles volumineux et peuvent accepter une vaste gamme de marchandises gr\u00e2ce aux nombreux accessoires disponibles.<\/p>\n\n\n<div class=\"wp-blocks-block  alignwide\">\n    <div\n        class=\"lg:flex bg-secondary-100\"\n    >\n        <div class=\"relative flex-none lg:w-112 xl:w-144 min-h-96\">\n                            <img decoding=\"async\"\n            src=\"https:\/\/hardysindustries.eu\/uploads\/2023\/02\/grootvakstelling-magazijn-scaled.jpg\" alt=\"grootvlakstelling\" srcset=\"https:\/\/hardysindustries.eu\/uploads\/2023\/02\/grootvakstelling-magazijn-300x225.jpg 300w, https:\/\/hardysindustries.eu\/uploads\/2023\/02\/grootvakstelling-magazijn-1024x768.jpg 1024w, https:\/\/hardysindustries.eu\/uploads\/2023\/02\/grootvakstelling-magazijn-768x576.jpg 768w, https:\/\/hardysindustries.eu\/uploads\/2023\/02\/grootvakstelling-magazijn-1536x1152.jpg 1536w, https:\/\/hardysindustries.eu\/uploads\/2023\/02\/grootvakstelling-magazijn-2048x1536.jpg 2048w\" width=\"2560\" height=\"1920\" loading=\"lazy\" class=\"absolute inset-0 !w-full !h-full object-cover\"\n        >\n\n        \n        \n        \n        \n\n                    <\/div>\n\n        <div class=\"flex-1\">\n            <div class=\"flex items-center min-h-128\">\n                <div class=\"px-4 py-12 md:px-10 lg:px-16 lg:py-16\">\n                    <div class=\"inner-blocks\">\n    \n<div class='wp-block-text-container  has-margin-extra-small'>\n<h2 class=\"has-margin-extra-small wp-block-heading\">Avantages<\/h2>\n<\/div>\n\n\n<ul class=\"wp-block-list\">\n<li>Rayonnage <strong>stable<\/strong> et robuste<\/li>\n\n\n\n<li>Montage rapide<\/li>\n\n\n\n<li><strong>Escaliers et plateformes interm\u00e9diaires<\/strong> possibles<\/li>\n\n\n\n<li>Occupation optimale de la hauteur utile de l\u2019entrep\u00f4t<\/li>\n\n\n\n<li>Vaste gamme d\u2019<strong>accessoires<\/strong> pour le stockage d\u2019une grande vari\u00e9t\u00e9 de produits<\/li>\n\n\n\n<li><strong>Niveaux<\/strong> r\u00e9glables<\/li>\n\n\n\n<li>Importante <strong>charge admise<\/strong><\/li>\n<\/ul>\n\n\n<\/div>\n                <\/div>\n            <\/div>\n        <\/div>\n    <\/div>\n<\/div>\n\n\n<div class='wp-block-text-container  has-margin-extra-small'>\n<h2 class=\"has-margin-extra-small wp-block-heading\">Indiqu\u00e9 pour&#8230;<\/h2>\n<\/div>\n\n\n<ul class=\"wp-block-list\">\n<li>Le stockage d\u2019<strong>articles vari\u00e9s<\/strong><\/li>\n\n\n\n<li>Des <strong>quantit\u00e9s diff\u00e9rentes<\/strong> par produit<\/li>\n\n\n\n<li>Le stockage de <strong>marchandises de taille et de poids moyens<\/strong><\/li>\n\n\n\n<li>Le stockage <strong>manuel<\/strong><\/li>\n<\/ul>\n\n\n<div\n    class=\"text-left wp-blocks-block   has-margin-extra-small\"\n>\n    <a\n    class=\"group flex items-center space-x-6 py-2 sm:py-3 px-6 border leading-none inline-flex items-center justify-center transition-colors duration-200 no-underline !text-primary-900 border-transparent bg-primary-500 hover:bg-primary-400 px-4 button-style-primary button-color-primary rounded-lg\"\n\n            href=\"https:\/\/hardysindustries.eu\/fr\/contact\/\"\n        target=\"\"\n    \n    >\n    \n    <span>Demandez un devis<\/span>\n\n        <span class=\"transition-transform duration-200 group-hover:translate-x-1\">\n        <svg xmlns=\"http:\/\/www.w3.org\/2000\/svg\" viewBox=\"0 0 448 512\" class=\"svg-inline--fa  far fa-long-arrow-right\" role=\"img\" aria-hidden=\"true\" style=\"color:currentColor\"><!-- Font Awesome Pro 5.15.3 by @fontawesome - https:\/\/fontawesome.com License - https:\/\/fontawesome.com\/license (Commercial License) --><path d=\"M295.515 115.716l-19.626 19.626c-4.753 4.753-4.675 12.484.173 17.14L356.78 230H12c-6.627 0-12 5.373-12 12v28c0 6.627 5.373 12 12 12h344.78l-80.717 77.518c-4.849 4.656-4.927 12.387-.173 17.14l19.626 19.626c4.686 4.686 12.284 4.686 16.971 0l131.799-131.799c4.686-4.686 4.686-12.284 0-16.971L312.485 115.716c-4.686-4.686-12.284-4.686-16.97 0z\" fill=\"currentColor\"><\/path><\/svg>\n    <\/span>\n    <\/a>\n<\/div>","protected":false},"excerpt":{"rendered":"<p>Ce type de rayonnage n\u2019est pas pr\u00e9vu pour accueillir des palettes, mais des produits d\u00e9vers\u00e9s en vrac. Ces racks peuvent accepter des marchandises tr\u00e8s diverses, plus volumineuses et moyennement lourdes.<\/p>\n","protected":false},"featured_media":2798,"parent":0,"template":"","class_list":["post-2510","product","type-product","status-publish","has-post-thumbnail","hentry"],"acf":[],"yoast_head":"<!-- This site is optimized with the Yoast SEO plugin v23.3 - https:\/\/yoast.com\/wordpress\/plugins\/seo\/ -->\n<title>Racks de stockage en vrac - Am\u00e9nagement d&#039;entrep\u00f4t sur mesure - Hardy&#039;s Industries<\/title>\n<meta name=\"description\" content=\"Vous souhaitez acheter des racks de stockage en vrac ? La solution interm\u00e9diaire parfaite pour les produits volumineux. Cr\u00e9ez une vue d&#039;ensemble et une capacit\u00e9 de charge maximale dans votre entrep\u00f4t.\" \/>\n<meta name=\"robots\" content=\"index, follow, max-snippet:-1, max-image-preview:large, max-video-preview:-1\" \/>\n<link rel=\"canonical\" href=\"https:\/\/hardysindustries.eu\/fr\/product\/racks-de-stockage-en-vrac\/\" \/>\n<meta property=\"og:locale\" content=\"fr_FR\" \/>\n<meta property=\"og:type\" content=\"article\" \/>\n<meta property=\"og:title\" content=\"Racks de stockage en vrac - Am\u00e9nagement d&#039;entrep\u00f4t sur mesure - Hardy&#039;s Industries\" \/>\n<meta property=\"og:description\" content=\"Vous souhaitez acheter des racks de stockage en vrac ? La solution interm\u00e9diaire parfaite pour les produits volumineux. Cr\u00e9ez une vue d&#039;ensemble et une capacit\u00e9 de charge maximale dans votre entrep\u00f4t.\" \/>\n<meta property=\"og:url\" content=\"https:\/\/hardysindustries.eu\/fr\/product\/racks-de-stockage-en-vrac\/\" \/>\n<meta property=\"og:site_name\" content=\"Hardy&#039;s Industries\" \/>\n<meta property=\"article:modified_time\" content=\"2026-03-09T10:06:19+00:00\" \/>\n<meta property=\"og:image\" content=\"https:\/\/hardysindustries.eu\/uploads\/2023\/02\/grootvakstelling-magazijn-1024x768.jpg\" \/>\n\t<meta property=\"og:image:width\" content=\"1024\" \/>\n\t<meta property=\"og:image:height\" content=\"768\" \/>\n\t<meta property=\"og:image:type\" content=\"image\/jpeg\" \/>\n<meta name=\"twitter:card\" content=\"summary_large_image\" \/>\n<meta name=\"twitter:label1\" content=\"Dur\u00e9e de lecture estim\u00e9e\" \/>\n\t<meta name=\"twitter:data1\" content=\"2 minutes\" \/>\n<script type=\"application\/ld+json\" class=\"yoast-schema-graph\">{\"@context\":\"https:\/\/schema.org\",\"@graph\":[{\"@type\":\"WebPage\",\"@id\":\"https:\/\/hardysindustries.eu\/fr\/product\/racks-de-stockage-en-vrac\/\",\"url\":\"https:\/\/hardysindustries.eu\/fr\/product\/racks-de-stockage-en-vrac\/\",\"name\":\"Racks de stockage en vrac - Am\u00e9nagement d'entrep\u00f4t sur mesure - Hardy&#039;s Industries\",\"isPartOf\":{\"@id\":\"https:\/\/hardysindustries.eu\/fr\/#website\"},\"primaryImageOfPage\":{\"@id\":\"https:\/\/hardysindustries.eu\/fr\/product\/racks-de-stockage-en-vrac\/#primaryimage\"},\"image\":{\"@id\":\"https:\/\/hardysindustries.eu\/fr\/product\/racks-de-stockage-en-vrac\/#primaryimage\"},\"thumbnailUrl\":\"https:\/\/hardysindustries.eu\/uploads\/2023\/02\/grootvakstelling-magazijn-scaled.jpg\",\"datePublished\":\"2023-02-16T08:56:48+00:00\",\"dateModified\":\"2026-03-09T10:06:19+00:00\",\"description\":\"Vous souhaitez acheter des racks de stockage en vrac ? La solution interm\u00e9diaire parfaite pour les produits volumineux. Cr\u00e9ez une vue d'ensemble et une capacit\u00e9 de charge maximale dans votre entrep\u00f4t.\",\"breadcrumb\":{\"@id\":\"https:\/\/hardysindustries.eu\/fr\/product\/racks-de-stockage-en-vrac\/#breadcrumb\"},\"inLanguage\":\"fr-FR\",\"potentialAction\":[{\"@type\":\"ReadAction\",\"target\":[\"https:\/\/hardysindustries.eu\/fr\/product\/racks-de-stockage-en-vrac\/\"]}]},{\"@type\":\"ImageObject\",\"inLanguage\":\"fr-FR\",\"@id\":\"https:\/\/hardysindustries.eu\/fr\/product\/racks-de-stockage-en-vrac\/#primaryimage\",\"url\":\"https:\/\/hardysindustries.eu\/uploads\/2023\/02\/grootvakstelling-magazijn-scaled.jpg\",\"contentUrl\":\"https:\/\/hardysindustries.eu\/uploads\/2023\/02\/grootvakstelling-magazijn-scaled.jpg\",\"width\":2560,\"height\":1920,\"caption\":\"grootvlakstelling\"},{\"@type\":\"BreadcrumbList\",\"@id\":\"https:\/\/hardysindustries.eu\/fr\/product\/racks-de-stockage-en-vrac\/#breadcrumb\",\"itemListElement\":[{\"@type\":\"ListItem\",\"position\":1,\"name\":\"Home\",\"item\":\"https:\/\/hardysindustries.eu\/fr\/\"},{\"@type\":\"ListItem\",\"position\":2,\"name\":\"Racks de stockage en vrac\"}]},{\"@type\":\"WebSite\",\"@id\":\"https:\/\/hardysindustries.eu\/fr\/#website\",\"url\":\"https:\/\/hardysindustries.eu\/fr\/\",\"name\":\"Hardy&#039;s Industries\",\"description\":\"Your partner in logistic projects\",\"potentialAction\":[{\"@type\":\"SearchAction\",\"target\":{\"@type\":\"EntryPoint\",\"urlTemplate\":\"https:\/\/hardysindustries.eu\/fr\/?s={search_term_string}\"},\"query-input\":\"required name=search_term_string\"}],\"inLanguage\":\"fr-FR\"}]}<\/script>\n<!-- \/ Yoast SEO plugin. -->","yoast_head_json":{"title":"Racks de stockage en vrac - Am\u00e9nagement d'entrep\u00f4t sur mesure - Hardy&#039;s Industries","description":"Vous souhaitez acheter des racks de stockage en vrac ? La solution interm\u00e9diaire parfaite pour les produits volumineux. Cr\u00e9ez une vue d'ensemble et une capacit\u00e9 de charge maximale dans votre entrep\u00f4t.","robots":{"index":"index","follow":"follow","max-snippet":"max-snippet:-1","max-image-preview":"max-image-preview:large","max-video-preview":"max-video-preview:-1"},"canonical":"https:\/\/hardysindustries.eu\/fr\/product\/racks-de-stockage-en-vrac\/","og_locale":"fr_FR","og_type":"article","og_title":"Racks de stockage en vrac - Am\u00e9nagement d'entrep\u00f4t sur mesure - Hardy&#039;s Industries","og_description":"Vous souhaitez acheter des racks de stockage en vrac ? La solution interm\u00e9diaire parfaite pour les produits volumineux. Cr\u00e9ez une vue d'ensemble et une capacit\u00e9 de charge maximale dans votre entrep\u00f4t.","og_url":"https:\/\/hardysindustries.eu\/fr\/product\/racks-de-stockage-en-vrac\/","og_site_name":"Hardy&#039;s Industries","article_modified_time":"2026-03-09T10:06:19+00:00","og_image":[{"width":1024,"height":768,"url":"https:\/\/hardysindustries.eu\/uploads\/2023\/02\/grootvakstelling-magazijn-1024x768.jpg","type":"image\/jpeg"}],"twitter_card":"summary_large_image","twitter_misc":{"Dur\u00e9e de lecture estim\u00e9e":"2 minutes"},"schema":{"@context":"https:\/\/schema.org","@graph":[{"@type":"WebPage","@id":"https:\/\/hardysindustries.eu\/fr\/product\/racks-de-stockage-en-vrac\/","url":"https:\/\/hardysindustries.eu\/fr\/product\/racks-de-stockage-en-vrac\/","name":"Racks de stockage en vrac - Am\u00e9nagement d'entrep\u00f4t sur mesure - Hardy&#039;s Industries","isPartOf":{"@id":"https:\/\/hardysindustries.eu\/fr\/#website"},"primaryImageOfPage":{"@id":"https:\/\/hardysindustries.eu\/fr\/product\/racks-de-stockage-en-vrac\/#primaryimage"},"image":{"@id":"https:\/\/hardysindustries.eu\/fr\/product\/racks-de-stockage-en-vrac\/#primaryimage"},"thumbnailUrl":"https:\/\/hardysindustries.eu\/uploads\/2023\/02\/grootvakstelling-magazijn-scaled.jpg","datePublished":"2023-02-16T08:56:48+00:00","dateModified":"2026-03-09T10:06:19+00:00","description":"Vous souhaitez acheter des racks de stockage en vrac ? La solution interm\u00e9diaire parfaite pour les produits volumineux. Cr\u00e9ez une vue d'ensemble et une capacit\u00e9 de charge maximale dans votre entrep\u00f4t.","breadcrumb":{"@id":"https:\/\/hardysindustries.eu\/fr\/product\/racks-de-stockage-en-vrac\/#breadcrumb"},"inLanguage":"fr-FR","potentialAction":[{"@type":"ReadAction","target":["https:\/\/hardysindustries.eu\/fr\/product\/racks-de-stockage-en-vrac\/"]}]},{"@type":"ImageObject","inLanguage":"fr-FR","@id":"https:\/\/hardysindustries.eu\/fr\/product\/racks-de-stockage-en-vrac\/#primaryimage","url":"https:\/\/hardysindustries.eu\/uploads\/2023\/02\/grootvakstelling-magazijn-scaled.jpg","contentUrl":"https:\/\/hardysindustries.eu\/uploads\/2023\/02\/grootvakstelling-magazijn-scaled.jpg","width":2560,"height":1920,"caption":"grootvlakstelling"},{"@type":"BreadcrumbList","@id":"https:\/\/hardysindustries.eu\/fr\/product\/racks-de-stockage-en-vrac\/#breadcrumb","itemListElement":[{"@type":"ListItem","position":1,"name":"Home","item":"https:\/\/hardysindustries.eu\/fr\/"},{"@type":"ListItem","position":2,"name":"Racks de stockage en vrac"}]},{"@type":"WebSite","@id":"https:\/\/hardysindustries.eu\/fr\/#website","url":"https:\/\/hardysindustries.eu\/fr\/","name":"Hardy&#039;s Industries","description":"Your partner in logistic projects","potentialAction":[{"@type":"SearchAction","target":{"@type":"EntryPoint","urlTemplate":"https:\/\/hardysindustries.eu\/fr\/?s={search_term_string}"},"query-input":"required name=search_term_string"}],"inLanguage":"fr-FR"}]}},"_links":{"self":[{"href":"https:\/\/hardysindustries.eu\/fr\/wp-json\/wp\/v2\/product\/2510"}],"collection":[{"href":"https:\/\/hardysindustries.eu\/fr\/wp-json\/wp\/v2\/product"}],"about":[{"href":"https:\/\/hardysindustries.eu\/fr\/wp-json\/wp\/v2\/types\/product"}],"wp:featuredmedia":[{"embeddable":true,"href":"https:\/\/hardysindustries.eu\/fr\/wp-json\/wp\/v2\/media\/2798"}],"wp:attachment":[{"href":"https:\/\/hardysindustries.eu\/fr\/wp-json\/wp\/v2\/media?parent=2510"}],"curies":[{"name":"wp","href":"https:\/\/api.w.org\/{rel}","templated":true}]}}