{"id":3310,"date":"2026-05-07T14:46:14","date_gmt":"2026-05-07T14:46:14","guid":{"rendered":"https:\/\/hardysindustries.eu\/?page_id=3310"},"modified":"2026-05-07T14:47:24","modified_gmt":"2026-05-07T14:47:24","slug":"inspection-entrepot","status":"publish","type":"page","link":"https:\/\/hardysindustries.eu\/fr\/nos-services\/inspection-entrepot\/","title":{"rendered":"Inspection de l&rsquo;entrep\u00f4t"},"content":{"rendered":"\n<p>Un environnement de travail s\u00fbr ne s&rsquo;arr\u00eate pas \u00e0 l&rsquo;installation. <strong>C&rsquo;est pourquoi une inspection de l&rsquo;entrep\u00f4t p\u00e9riodique apr\u00e8s la livraison de votre am\u00e9nagement est essentielle.<\/strong> Comme les chariots \u00e9l\u00e9vateurs man\u0153uvrent quotidiennement dans les all\u00e9es, une usure de vos rayonnages survient in\u00e9vitablement. De plus, vous empilez souvent des charges lourdes \u00e0 grande hauteur. De ce fait, ce contr\u00f4le rigoureux est la seule mani\u00e8re de garantir r\u00e9ellement la s\u00e9curit\u00e9 de votre personnel.<\/p>\n\n\n\n<div class=\"wp-block-group alignfull is-style-group-graphic has-secondary-100-background-color has-background\"><div class=\"wp-block-group__inner-container is-layout-flow wp-block-group-is-layout-flow\"><div class='wp-block-text-container  has-margin-extra-small'>\n<h2 class=\"has-margin-extra-small wp-block-heading is-style-default\"><strong>Homologation avant et pendant la mise en service<\/strong><br><br><div class=\"wp-block-columns\" style=\"color: rgb(0, 0, 0); font-family: Times; font-size: medium; font-weight: 400; white-space-collapse: collapse;\"><div class=\"wp-block-column\"><\/div><\/div><\/h2>\n<\/div>\n\n\n<div class=\"has-margin-none wp-block-columns is-layout-flex wp-container-core-columns-is-layout-1 wp-block-columns-is-layout-flex\">\n<div class=\"wp-block-column is-layout-flow wp-block-column-is-layout-flow\"><div class='wp-block-text-container  has-margin-extra-small'>\n<h6 class=\"has-margin-extra-small wp-block-heading\">Inspection p\u00e9riodique annuelle<\/h6>\n<\/div>\n\n\n<p>Les rayonnages que vous sollicitez intensivement pr\u00e9sentent plus souvent des risques de dommages. Pour cette raison, une&nbsp;<strong>inspection de l&rsquo;entrep\u00f4t annuelle<\/strong>&nbsp;est l\u00e9galement obligatoire selon les directives europ\u00e9ennes. Lorsque vous faites r\u00e9aliser un audit proactif, vous \u00e9vitez les mauvaises surprises. De plus, vous r\u00e9pondez ainsi directement aux exigences de s\u00e9curit\u00e9 et \u00e0 la&nbsp;norme <a href=\"https:\/\/app.nbn.be\/data\/r\/platform\/frontend\/detail?p40_id=231352&amp;p40_language_code=fr&amp;p40_detail_id=54987&amp;lang=fr\">EN 15635<\/a>.<\/p>\n<\/div>\n\n\n\n<div class=\"wp-block-column is-layout-flow wp-block-column-is-layout-flow\"><div class='wp-block-text-container  has-margin-extra-small'>\n<h6 class=\"has-margin-extra-small wp-block-heading\">Inspection avant mise en service<\/h6>\n<\/div>\n\n\n<p>D\u00e8s que nous installons un&nbsp;<a href=\"https:\/\/hardysindustries.eu\/fr\/product\/rayonnage-a-palettes\/\">rayonnage \u00e0 palettes<\/a>, vous recevez de notre part un protocole de r\u00e9ception. Ce document confirme que nos monteurs ont tout install\u00e9 selon les r\u00e8gles de l&rsquo;art. N\u00e9anmoins, nous conseillons toujours une&nbsp;<strong>inspection de l&rsquo;entrep\u00f4t officielle<\/strong>&nbsp;r\u00e9alis\u00e9e par une firme externe. Ainsi, vous obtenez la certitude que la construction r\u00e9pond \u00e0 toutes les exigences d\u00e8s le premier jour.<\/p>\n<\/div>\n<\/div>\n<\/div><\/div>\n\n\n<div class='wp-block-text-container  has-margin-extra-small'>\n<h2 class=\"has-margin-extra-small wp-block-heading\">Comment se d\u00e9roule une inspection d&rsquo;entrep\u00f4t ?<\/h2>\n<\/div>\n\n\n<p>Lors d&rsquo;une <strong>inspection de l&rsquo;entrep\u00f4t<\/strong>, l&rsquo;inspecteur cartographie pr\u00e9cis\u00e9ment l&rsquo;ensemble de la structure du rayonnage. Il contr\u00f4le entre autres l&rsquo;aplomb, les montants endommag\u00e9s et l&rsquo;absence de goupilles de s\u00e9curit\u00e9. Apr\u00e8s l&rsquo;examen, vous recevez un rapport de contr\u00f4le d\u00e9taill\u00e9 avec tous les points d&rsquo;am\u00e9lioration. Le grand avantage est que cette proc\u00e9dure ne perturbe pas vos activit\u00e9s quotidiennes.<\/p>\n\n\n<div class='wp-block-text-container  has-margin-extra-small'>\n<h2 class=\"has-margin-extra-small wp-block-heading\"><strong>L&rsquo;importance du rapport et du suivi<\/strong><\/h2>\n<\/div>\n\n\n<p>Dans le rapport d&rsquo;<strong>inspection de l&rsquo;entrep\u00f4t<\/strong>, nous cat\u00e9gorisons toutes les constatations de mani\u00e8re claire. Alors que la liste r\u00e9capitulative indique quels mat\u00e9riels vous devez remplacer, la liste d\u00e9taill\u00e9e indique exactement la zone o\u00f9 une action est n\u00e9cessaire. Ce document constitue la base juridique de votre politique de s\u00e9curit\u00e9. D\u00e8s qu&rsquo;un expert effectue les r\u00e9parations, votre installation est \u00e0 nouveau conforme \u00e0 la l\u00e9gislation.<\/p>\n\n\n<div class='wp-block-text-container  has-margin-extra-small'>\n<h2 class=\"has-margin-extra-small wp-block-heading\"><strong>Plaques de charge lors de la v\u00e9rification<\/strong><\/h2>\n<\/div>\n\n\n<p>Un \u00e9l\u00e9ment essentiel de chaque <strong>inspection de l&rsquo;entrep\u00f4t<\/strong> est le contr\u00f4le des plaques de charge. Ces plaques indiquent la capacit\u00e9 de charge maximale et servent de guide \u00e0 vos conducteurs de chariots \u00e9l\u00e9vateurs. Si ces plaques manquent, cela constitue un point d&rsquo;action direct. Nous calculons la capacit\u00e9 de charge en interne en fonction de votre structure et repla\u00e7ons la signalisation ad\u00e9quate apr\u00e8s le contr\u00f4le.<\/p>\n\n\n\n<div class=\"has-margin-extra-large wp-block-columns alignwide is-layout-flex wp-container-core-columns-is-layout-2 wp-block-columns-is-layout-flex\">\n<div class=\"wp-block-column is-layout-flow wp-block-column-is-layout-flow\"><div class='wp-block-text-container  has-margin-extra-small'>\n<h2 class=\"has-margin-extra-small wp-block-heading\"><strong>Hardys Industries : votre partenaire s\u00e9curit\u00e9<\/strong><\/h2>\n<\/div>\n\n\n<p class=\"has-margin-small\">Bien que le contr\u00f4le formel soit effectu\u00e9 par une firme externe ind\u00e9pendante, Hardy&rsquo;s Industries vous d\u00e9charge totalement. Nous pouvons prendre en charge l&rsquo;<strong>organisation de votre inspection de l&rsquo;entrep\u00f4t<\/strong>&nbsp;en agissant comme point de contact technique. Apr\u00e8s coup, nous traduisons le rapport en un plan d&rsquo;action.&nbsp;<strong>Nous livrons les pi\u00e8ces certifi\u00e9es et effectuons les r\u00e9parations afin que votre entrep\u00f4t soit \u00e0 nouveau s\u00fbr \u00e0 100 %.<\/strong><\/p>\n<\/div>\n\n\n\n<div class=\"wp-block-column is-layout-flow wp-block-column-is-layout-flow\"><div\n    class=\"wp-blocks-block  alignwide\"\n>\n    <div class=\"flex flex-col max-w-md ml-auto mr-auto md:mr-0\">\n        <div\n            class=\"!h-64 overflow-hidden\"\n        >\n                            <img decoding=\"async\"\n            src=\"https:\/\/hardysindustries.eu\/uploads\/2023\/02\/keuring-rekken-magazijn-2.jpg\" alt=\"Keuring rekken magazijn inspection de l&#039;entrep\u00f4t\" srcset=\"https:\/\/hardysindustries.eu\/uploads\/2023\/02\/keuring-rekken-magazijn-2-300x300.jpg 300w, https:\/\/hardysindustries.eu\/uploads\/2023\/02\/keuring-rekken-magazijn-2-150x150.jpg 150w, https:\/\/hardysindustries.eu\/uploads\/2023\/02\/keuring-rekken-magazijn-2-768x768.jpg 768w, https:\/\/hardysindustries.eu\/uploads\/2023\/02\/keuring-rekken-magazijn-2-200x200.jpg 200w, https:\/\/hardysindustries.eu\/uploads\/2023\/02\/keuring-rekken-magazijn-2.jpg 1000w\" width=\"1000\" height=\"1000\" loading=\"lazy\" class=\"object-cover !h-64 w-full transition-all duration-200 hover:scale-110 hover:opacity-90\"\n        >\n\n        \n        \n        \n        \n\n                    <\/div>\n\n        <div class=\"flex flex-col sm:flex-1 justify-between py-8 px-6 gap-y-2 min-h-32 border-b-4 border-primary-500 bg-primary-100\">\n                            <div class=\"!font-bold !text-lg !leading-relaxed whitespace-pre-line\">Vous voulez mettre votre installation d\u2019entreposage en conformit\u00e9 \u00e0 la suite d\u2019un contr\u00f4le ? Confiez-nous cette t\u00e2che !<\/div>\n                                        <a class=\"flex items-end border-b border-primary-500 pb-1 pt-4 group w-fit items-center\" href=\"https:\/\/hardysindustries.eu\/fr\/contact\/\">\n                    <span class=\"font-bold text-sm\">Contactez-nous<\/span>\n                    <span class=\"text-primary-500 ml-4 transition-transform duration-200 group-hover:translate-x-1\">\n                        <svg xmlns=\"http:\/\/www.w3.org\/2000\/svg\" viewBox=\"0 0 448 512\" class=\"svg-inline--fa  far fa-long-arrow-right\" role=\"img\" aria-hidden=\"true\" style=\"color:currentColor\"><!-- Font Awesome Pro 5.15.3 by @fontawesome - https:\/\/fontawesome.com License - https:\/\/fontawesome.com\/license (Commercial License) --><path d=\"M295.515 115.716l-19.626 19.626c-4.753 4.753-4.675 12.484.173 17.14L356.78 230H12c-6.627 0-12 5.373-12 12v28c0 6.627 5.373 12 12 12h344.78l-80.717 77.518c-4.849 4.656-4.927 12.387-.173 17.14l19.626 19.626c4.686 4.686 12.284 4.686 16.971 0l131.799-131.799c4.686-4.686 4.686-12.284 0-16.971L312.485 115.716c-4.686-4.686-12.284-4.686-16.97 0z\" fill=\"currentColor\"><\/path><\/svg>\n                    <\/span>\n                <\/a>\n                    <\/div>\n    <\/div>\n<\/div>\n<\/div>\n<\/div>\n","protected":false},"excerpt":{"rendered":"<p>Un environnement de travail s\u00fbr ne s&rsquo;arr\u00eate pas \u00e0 l&rsquo;installation. C&rsquo;est pourquoi une inspection de l&rsquo;entrep\u00f4t p\u00e9riodique apr\u00e8s la livraison de votre am\u00e9nagement est essentielle. Comme les chariots \u00e9l\u00e9vateurs man\u0153uvrent quotidiennement dans les all\u00e9es, une usure de vos rayonnages survient in\u00e9vitablement. De plus, vous empilez souvent des charges lourdes \u00e0 grande hauteur. De ce fait, ce contr\u00f4le rigoureux est la seule mani\u00e8re de garantir r\u00e9ellement la s\u00e9curit\u00e9 de votre personnel. Homologation avant et pendant la mise en service Inspection p\u00e9riodique annuelle Les rayonnages que vous sollicitez intensivement pr\u00e9sentent plus souvent des risques de dommages. Pour cette raison, une&nbsp;inspection de l&rsquo;entrep\u00f4t annuelle&nbsp;est l\u00e9galement obligatoire selon les directives europ\u00e9ennes. Lorsque vous faites r\u00e9aliser un audit proactif, vous \u00e9vitez les mauvaises surprises. De plus, vous r\u00e9pondez ainsi directement aux exigences de s\u00e9curit\u00e9 et \u00e0 la&nbsp;norme EN 15635. Inspection avant mise en service D\u00e8s que nous installons un&nbsp;rayonnage \u00e0 palettes, vous recevez de notre part un protocole de r\u00e9ception. Ce document confirme que nos monteurs ont tout install\u00e9 selon les r\u00e8gles de l&rsquo;art. N\u00e9anmoins, nous conseillons toujours une&nbsp;inspection de l&rsquo;entrep\u00f4t officielle&nbsp;r\u00e9alis\u00e9e par une firme externe. Ainsi, vous obtenez la certitude que la construction r\u00e9pond \u00e0 toutes les exigences d\u00e8s le premier jour. Comment se&#8230;<\/p>\n","protected":false},"author":7,"featured_media":967,"parent":2412,"menu_order":0,"comment_status":"closed","ping_status":"closed","template":"","meta":{"_acf_changed":false,"footnotes":""},"class_list":["post-3310","page","type-page","status-publish","has-post-thumbnail","hentry"],"acf":[],"yoast_head":"<!-- This site is optimized with the Yoast SEO plugin v23.3 - https:\/\/yoast.com\/wordpress\/plugins\/seo\/ -->\n<title>Inspection de l&#039;entrep\u00f4t - Hardy&#039;s Industries<\/title>\n<meta name=\"description\" content=\"Une inspection de l&#039;entrep\u00f4t conforme aux normes. Hardy&#039;s Industries g\u00e8re le rapport et les r\u00e9parations. Recevez votre offre aujourd&#039;hui !\" \/>\n<meta name=\"robots\" content=\"index, follow, max-snippet:-1, max-image-preview:large, max-video-preview:-1\" \/>\n<link rel=\"canonical\" href=\"https:\/\/hardysindustries.eu\/fr\/nos-services\/inspection-entrepot\/\" \/>\n<meta property=\"og:locale\" content=\"fr_FR\" \/>\n<meta property=\"og:type\" content=\"article\" \/>\n<meta property=\"og:title\" content=\"Inspection de l&#039;entrep\u00f4t - Hardy&#039;s Industries\" \/>\n<meta property=\"og:description\" content=\"Une inspection de l&#039;entrep\u00f4t conforme aux normes. Hardy&#039;s Industries g\u00e8re le rapport et les r\u00e9parations. Recevez votre offre aujourd&#039;hui !\" \/>\n<meta property=\"og:url\" content=\"https:\/\/hardysindustries.eu\/fr\/nos-services\/inspection-entrepot\/\" \/>\n<meta property=\"og:site_name\" content=\"Hardy&#039;s Industries\" \/>\n<meta property=\"article:modified_time\" content=\"2026-05-07T14:47:24+00:00\" \/>\n<meta property=\"og:image\" content=\"https:\/\/hardysindustries.eu\/uploads\/2023\/02\/keuring-rekken-magazijn-1.jpg\" \/>\n\t<meta property=\"og:image:width\" content=\"2000\" \/>\n\t<meta property=\"og:image:height\" content=\"1333\" \/>\n\t<meta property=\"og:image:type\" content=\"image\/jpeg\" \/>\n<meta name=\"twitter:card\" content=\"summary_large_image\" \/>\n<meta name=\"twitter:label1\" content=\"Dur\u00e9e de lecture estim\u00e9e\" \/>\n\t<meta name=\"twitter:data1\" content=\"3 minutes\" \/>\n<script type=\"application\/ld+json\" class=\"yoast-schema-graph\">{\"@context\":\"https:\/\/schema.org\",\"@graph\":[{\"@type\":\"WebPage\",\"@id\":\"https:\/\/hardysindustries.eu\/fr\/nos-services\/inspection-entrepot\/\",\"url\":\"https:\/\/hardysindustries.eu\/fr\/nos-services\/inspection-entrepot\/\",\"name\":\"Inspection de l'entrep\u00f4t - Hardy&#039;s Industries\",\"isPartOf\":{\"@id\":\"https:\/\/hardysindustries.eu\/fr\/#website\"},\"primaryImageOfPage\":{\"@id\":\"https:\/\/hardysindustries.eu\/fr\/nos-services\/inspection-entrepot\/#primaryimage\"},\"image\":{\"@id\":\"https:\/\/hardysindustries.eu\/fr\/nos-services\/inspection-entrepot\/#primaryimage\"},\"thumbnailUrl\":\"https:\/\/hardysindustries.eu\/uploads\/2023\/02\/keuring-rekken-magazijn-1.jpg\",\"datePublished\":\"2026-05-07T14:46:14+00:00\",\"dateModified\":\"2026-05-07T14:47:24+00:00\",\"description\":\"Une inspection de l'entrep\u00f4t conforme aux normes. Hardy's Industries g\u00e8re le rapport et les r\u00e9parations. Recevez votre offre aujourd'hui !\",\"breadcrumb\":{\"@id\":\"https:\/\/hardysindustries.eu\/fr\/nos-services\/inspection-entrepot\/#breadcrumb\"},\"inLanguage\":\"fr-FR\",\"potentialAction\":[{\"@type\":\"ReadAction\",\"target\":[\"https:\/\/hardysindustries.eu\/fr\/nos-services\/inspection-entrepot\/\"]}]},{\"@type\":\"ImageObject\",\"inLanguage\":\"fr-FR\",\"@id\":\"https:\/\/hardysindustries.eu\/fr\/nos-services\/inspection-entrepot\/#primaryimage\",\"url\":\"https:\/\/hardysindustries.eu\/uploads\/2023\/02\/keuring-rekken-magazijn-1.jpg\",\"contentUrl\":\"https:\/\/hardysindustries.eu\/uploads\/2023\/02\/keuring-rekken-magazijn-1.jpg\",\"width\":2000,\"height\":1333,\"caption\":\"keuring rekken magazijn inspection de l'entrep\u00f4t rayonnage\"},{\"@type\":\"BreadcrumbList\",\"@id\":\"https:\/\/hardysindustries.eu\/fr\/nos-services\/inspection-entrepot\/#breadcrumb\",\"itemListElement\":[{\"@type\":\"ListItem\",\"position\":1,\"name\":\"Home\",\"item\":\"https:\/\/hardysindustries.eu\/fr\/\"},{\"@type\":\"ListItem\",\"position\":2,\"name\":\"Nos services\",\"item\":\"https:\/\/hardysindustries.eu\/fr\/nos-services\/\"},{\"@type\":\"ListItem\",\"position\":3,\"name\":\"Inspection de l&rsquo;entrep\u00f4t\"}]},{\"@type\":\"WebSite\",\"@id\":\"https:\/\/hardysindustries.eu\/fr\/#website\",\"url\":\"https:\/\/hardysindustries.eu\/fr\/\",\"name\":\"Hardy&#039;s Industries\",\"description\":\"Your partner in logistic projects\",\"potentialAction\":[{\"@type\":\"SearchAction\",\"target\":{\"@type\":\"EntryPoint\",\"urlTemplate\":\"https:\/\/hardysindustries.eu\/fr\/?s={search_term_string}\"},\"query-input\":\"required name=search_term_string\"}],\"inLanguage\":\"fr-FR\"}]}<\/script>\n<!-- \/ Yoast SEO plugin. -->","yoast_head_json":{"title":"Inspection de l'entrep\u00f4t - Hardy&#039;s Industries","description":"Une inspection de l'entrep\u00f4t conforme aux normes. Hardy's Industries g\u00e8re le rapport et les r\u00e9parations. Recevez votre offre aujourd'hui !","robots":{"index":"index","follow":"follow","max-snippet":"max-snippet:-1","max-image-preview":"max-image-preview:large","max-video-preview":"max-video-preview:-1"},"canonical":"https:\/\/hardysindustries.eu\/fr\/nos-services\/inspection-entrepot\/","og_locale":"fr_FR","og_type":"article","og_title":"Inspection de l'entrep\u00f4t - Hardy&#039;s Industries","og_description":"Une inspection de l'entrep\u00f4t conforme aux normes. Hardy's Industries g\u00e8re le rapport et les r\u00e9parations. Recevez votre offre aujourd'hui !","og_url":"https:\/\/hardysindustries.eu\/fr\/nos-services\/inspection-entrepot\/","og_site_name":"Hardy&#039;s Industries","article_modified_time":"2026-05-07T14:47:24+00:00","og_image":[{"width":2000,"height":1333,"url":"https:\/\/hardysindustries.eu\/uploads\/2023\/02\/keuring-rekken-magazijn-1.jpg","type":"image\/jpeg"}],"twitter_card":"summary_large_image","twitter_misc":{"Dur\u00e9e de lecture estim\u00e9e":"3 minutes"},"schema":{"@context":"https:\/\/schema.org","@graph":[{"@type":"WebPage","@id":"https:\/\/hardysindustries.eu\/fr\/nos-services\/inspection-entrepot\/","url":"https:\/\/hardysindustries.eu\/fr\/nos-services\/inspection-entrepot\/","name":"Inspection de l'entrep\u00f4t - Hardy&#039;s Industries","isPartOf":{"@id":"https:\/\/hardysindustries.eu\/fr\/#website"},"primaryImageOfPage":{"@id":"https:\/\/hardysindustries.eu\/fr\/nos-services\/inspection-entrepot\/#primaryimage"},"image":{"@id":"https:\/\/hardysindustries.eu\/fr\/nos-services\/inspection-entrepot\/#primaryimage"},"thumbnailUrl":"https:\/\/hardysindustries.eu\/uploads\/2023\/02\/keuring-rekken-magazijn-1.jpg","datePublished":"2026-05-07T14:46:14+00:00","dateModified":"2026-05-07T14:47:24+00:00","description":"Une inspection de l'entrep\u00f4t conforme aux normes. Hardy's Industries g\u00e8re le rapport et les r\u00e9parations. Recevez votre offre aujourd'hui !","breadcrumb":{"@id":"https:\/\/hardysindustries.eu\/fr\/nos-services\/inspection-entrepot\/#breadcrumb"},"inLanguage":"fr-FR","potentialAction":[{"@type":"ReadAction","target":["https:\/\/hardysindustries.eu\/fr\/nos-services\/inspection-entrepot\/"]}]},{"@type":"ImageObject","inLanguage":"fr-FR","@id":"https:\/\/hardysindustries.eu\/fr\/nos-services\/inspection-entrepot\/#primaryimage","url":"https:\/\/hardysindustries.eu\/uploads\/2023\/02\/keuring-rekken-magazijn-1.jpg","contentUrl":"https:\/\/hardysindustries.eu\/uploads\/2023\/02\/keuring-rekken-magazijn-1.jpg","width":2000,"height":1333,"caption":"keuring rekken magazijn inspection de l'entrep\u00f4t rayonnage"},{"@type":"BreadcrumbList","@id":"https:\/\/hardysindustries.eu\/fr\/nos-services\/inspection-entrepot\/#breadcrumb","itemListElement":[{"@type":"ListItem","position":1,"name":"Home","item":"https:\/\/hardysindustries.eu\/fr\/"},{"@type":"ListItem","position":2,"name":"Nos services","item":"https:\/\/hardysindustries.eu\/fr\/nos-services\/"},{"@type":"ListItem","position":3,"name":"Inspection de l&rsquo;entrep\u00f4t"}]},{"@type":"WebSite","@id":"https:\/\/hardysindustries.eu\/fr\/#website","url":"https:\/\/hardysindustries.eu\/fr\/","name":"Hardy&#039;s Industries","description":"Your partner in logistic projects","potentialAction":[{"@type":"SearchAction","target":{"@type":"EntryPoint","urlTemplate":"https:\/\/hardysindustries.eu\/fr\/?s={search_term_string}"},"query-input":"required name=search_term_string"}],"inLanguage":"fr-FR"}]}},"_links":{"self":[{"href":"https:\/\/hardysindustries.eu\/fr\/wp-json\/wp\/v2\/pages\/3310"}],"collection":[{"href":"https:\/\/hardysindustries.eu\/fr\/wp-json\/wp\/v2\/pages"}],"about":[{"href":"https:\/\/hardysindustries.eu\/fr\/wp-json\/wp\/v2\/types\/page"}],"author":[{"embeddable":true,"href":"https:\/\/hardysindustries.eu\/fr\/wp-json\/wp\/v2\/users\/7"}],"replies":[{"embeddable":true,"href":"https:\/\/hardysindustries.eu\/fr\/wp-json\/wp\/v2\/comments?post=3310"}],"version-history":[{"count":2,"href":"https:\/\/hardysindustries.eu\/fr\/wp-json\/wp\/v2\/pages\/3310\/revisions"}],"predecessor-version":[{"id":3418,"href":"https:\/\/hardysindustries.eu\/fr\/wp-json\/wp\/v2\/pages\/3310\/revisions\/3418"}],"up":[{"embeddable":true,"href":"https:\/\/hardysindustries.eu\/fr\/wp-json\/wp\/v2\/pages\/2412"}],"wp:featuredmedia":[{"embeddable":true,"href":"https:\/\/hardysindustries.eu\/fr\/wp-json\/wp\/v2\/media\/967"}],"wp:attachment":[{"href":"https:\/\/hardysindustries.eu\/fr\/wp-json\/wp\/v2\/media?parent=3310"}],"curies":[{"name":"wp","href":"https:\/\/api.w.org\/{rel}","templated":true}]}}