{"id":2537,"date":"2023-02-28T14:54:33","date_gmt":"2023-02-28T14:54:33","guid":{"rendered":"https:\/\/hardysindustries.eu\/declaration-de-confidentialite\/"},"modified":"2023-05-17T16:10:04","modified_gmt":"2023-05-17T16:10:04","slug":"declaration-de-confidentialite","status":"publish","type":"page","link":"https:\/\/hardysindustries.eu\/fr\/declaration-de-confidentialite\/","title":{"rendered":"D\u00e9claration de confidentialit\u00e9"},"content":{"rendered":"\n<p class=\"has-margin-extra-small is-style-small-paragraph has-normal-font-size\"><em>Version 0.1<\/em> <br>Cette page a \u00e9t\u00e9 mise \u00e0 jour pour la derni\u00e8re fois le\u00a016\/08\/2018.<\/p>\n\n\n\n<p class=\"has-margin-extra-small is-style-small-paragraph has-normal-font-size\">Nous sommes conscients de la confiance que vous nous accordez. Nous consid\u00e9rons d\u00e8s lors qu\u2019il est de notre responsabilit\u00e9 de prot\u00e9ger votre vie priv\u00e9e. Sur cette page, nous vous renseignons sur les donn\u00e9es que nous collectons quand vous utilisez notre site web, les raisons pour lesquelles nous le faisons et la mani\u00e8re dont nous pouvons d\u00e8s lors am\u00e9liorer votre exp\u00e9rience. Vous comprendrez ainsi pr\u00e9cis\u00e9ment notre fonctionnement.<\/p>\n\n\n\n<p class=\"has-margin-extra-small is-style-small-paragraph has-normal-font-size\">Cette d\u00e9claration de confidentialit\u00e9 s\u2019applique aux services de Hardy\u2019s Industries nv. Notez que Hardy\u2019s Industries nv n\u2019est pas responsable de la d\u00e9claration de confidentialit\u00e9 d\u2019autres sites et sources. En utilisant ce site web, vous acceptez la pr\u00e9sente d\u00e9claration de confidentialit\u00e9. Hardy\u2019s Industries nv respecte la vie priv\u00e9e de chacun des utilisateurs de son site web et veille \u00e0 traiter de fa\u00e7on confidentielle les donn\u00e9es personnelles que vous nous communiquez.<\/p>\n\n\n<div class='wp-block-text-container  has-margin-extra-small'>\n<h4 class=\"has-margin-extra-small wp-block-heading\">Utilisation des donn\u00e9es recueillies<\/h4>\n<\/div>\n\n\n<p class=\"has-margin-extra-small is-style-small-paragraph has-normal-font-size\"><strong>Utilisation de nos services<\/strong><br>Lorsque vous avez recours \u00e0 l\u2019un de nos services, nous vous demandons de nous communiquer certaines de vos donn\u00e9es personnelles. Ces donn\u00e9es sont utilis\u00e9es afin de pouvoir vous fournir le service choisi ou vous transmettre les informations demand\u00e9es. Elles sont stock\u00e9es sur des serveurs s\u00e9curis\u00e9s de\u00a0Hardy\u2019s Industries nv ou d\u2019une tierce partie. Nous n\u2019associerons pas ces donn\u00e9es \u00e0 d\u2019autres donn\u00e9es personnelles dont nous disposons.<\/p>\n\n\n\n<p class=\"has-margin-extra-small is-style-small-paragraph has-normal-font-size\"><strong>Communication<br><\/strong>Lorsque vous nous envoyez un e-mail ou un autre type de message, il est possible que nous conservions ces messages. Parfois, nous vous demandons de nous fournir des donn\u00e9es personnelles pertinentes \u00e0 une situation en particulier. Cela nous permet de traiter vos questions et de r\u00e9pondre \u00e0 vos demandes. Les donn\u00e9es sont stock\u00e9es sur des serveurs s\u00e9curis\u00e9s de\u00a0Hardy\u2019s Industries nv ou d\u2019une tierce partie. Nous n\u2019associerons pas ces donn\u00e9es \u00e0 d\u2019autres donn\u00e9es personnelles dont nous disposons.<\/p>\n\n\n\n<p class=\"has-margin-extra-small is-style-small-paragraph has-normal-font-size\"><strong>Cookies<\/strong><br>Nous collectons des donn\u00e9es \u00e0 des fins de recherche, afin de mieux comprendre nos clients et de personnaliser nos services.<\/p>\n\n\n\n<p class=\"has-margin-extra-small is-style-small-paragraph has-normal-font-size\">Ce site web utilise des \u00ab cookies \u00bb (des fichiers texte plac\u00e9s sur votre ordinateur) pour aider le site Internet \u00e0 analyser son utilisation par ses utilisateurs. Les informations g\u00e9n\u00e9r\u00e9es par les cookies sur votre utilisation du site web peuvent \u00eatre stock\u00e9es sur des serveurs s\u00e9curis\u00e9s de&nbsp;Hardy\u2019s Industries nv ou sur ceux d\u2019une tierce partie. Nous utilisons ces informations dans le but d\u2019\u00e9valuer votre utilisation du site web, de g\u00e9n\u00e9rer des rapports sur l\u2019activit\u00e9 du site web et de fournir d\u2019autres services relatifs \u00e0 l\u2019activit\u00e9 du site et \u00e0 l\u2019utilisation d\u2019Internet.<\/p>\n\n\n\n<p class=\"has-margin-extra-small is-style-small-paragraph has-normal-font-size\"><strong>Finalit\u00e9s<br><\/strong>Nous ne collectons ou n\u2019utilisons pas des informations \u00e0 des fins autres que celles cit\u00e9es dans la pr\u00e9sente d\u00e9claration de confidentialit\u00e9, \u00e0 moins que vous n\u2019ayez pr\u00e9alablement donn\u00e9 votre accord \u00e0 cette fin.<\/p>\n\n\n\n<p class=\"has-margin-extra-small is-style-small-paragraph has-normal-font-size\"><strong>Tiers<br><\/strong>Les informations ne sont pas partag\u00e9es avec des tiers. Dans certains cas, elles peuvent \u00eatre communiqu\u00e9es en interne. Nos employ\u00e9s sont tenus de respecter la confidentialit\u00e9 de vos donn\u00e9es.<\/p>\n\n\n\n<p class=\"has-margin-extra-small is-style-small-paragraph has-normal-font-size\"><strong>Modifications<\/strong><br>La pr\u00e9sente d\u00e9claration de confidentialit\u00e9 est conforme \u00e0 l\u2019utilisation et aux possibilit\u00e9s de ce site web. Toute adaptation et\/ou modification de ce site web peuvent entra\u00eener une mise \u00e0 jour de la pr\u00e9sente d\u00e9claration de confidentialit\u00e9. De ce fait, nous vous conseillons de consulter r\u00e9guli\u00e8rement cette d\u00e9claration de confidentialit\u00e9.<\/p>\n\n\n\n<p class=\"has-margin-extra-small is-style-small-paragraph has-normal-font-size\"><strong>Choix concernant les donn\u00e9es personnelles<\/strong><br>Nous offrons \u00e0 tous les visiteurs la possibilit\u00e9 d\u2019acc\u00e9der \u00e0, de modifier ou d\u2019effacer toutes les donn\u00e9es personnelles dont nous disposons pour le moment.<\/p>\n\n\n\n<p class=\"has-margin-extra-small is-style-small-paragraph\"><strong>Modification\/d\u00e9sinscription du service de newsletter<\/strong><br>En bas de chaque e-mail, vous trouverez une option vous permettant de modifier vos donn\u00e9es personnelles ou de vous d\u00e9sinscrire.<\/p>\n\n\n\n<p class=\"has-margin-extra-small is-style-small-paragraph\"><strong>Modification\/d\u00e9sinscription des communications<\/strong><br>Si vous souhaitez modifier vos donn\u00e9es personnelles ou \u00eatre effac\u00e9 de nos fichiers, veuillez nous contacter. Voir les coordonn\u00e9es en bas de page.<\/p>\n\n\n\n<p class=\"has-margin-extra-small is-style-small-paragraph\"><strong>D\u00e9sactivation des cookies<\/strong><br>La plupart des navigateurs sont configur\u00e9s par d\u00e9faut pour accepter les cookies, mais vous pouvez r\u00e9initialiser votre navigateur pour qu\u2019il refuse tous les cookies ou indique quand un cookie est envoy\u00e9. Cependant, il est possible que certaines fonctions et certains services qui sont offerts sur notre site web et d\u2019autres sites web, ne fonctionnent pas correctement lorsque les cookies sont d\u00e9sactiv\u00e9s dans votre navigateur.<\/p>\n\n\n\n<p class=\"has-margin-extra-small is-style-small-paragraph\"><strong>Questions et commentaires<\/strong><br>Nous v\u00e9rifions r\u00e9guli\u00e8rement que nous respectons la pr\u00e9sente d\u00e9claration de confidentialit\u00e9. Si vous avez des questions \u00e0 ce sujet, vous pouvez nous contacter :<\/p>\n\n\n\n<p class=\"has-margin-extra-small is-style-small-paragraph\"><strong>Hardy\u2019s Industries nv<br><\/strong>KMO Zone AKMO II<br>Heideveld 2<br>9960 Assenede<br>+32 (0)9 216 40 00<br>infobe@hardysindustries.eu<\/p>\n","protected":false},"excerpt":{"rendered":"<p>Version 0.1 Cette page a \u00e9t\u00e9 mise \u00e0 jour pour la derni\u00e8re fois le\u00a016\/08\/2018. Nous sommes conscients de la confiance que vous nous accordez. Nous consid\u00e9rons d\u00e8s lors qu\u2019il est de notre responsabilit\u00e9 de prot\u00e9ger votre vie priv\u00e9e. Sur cette page, nous vous renseignons sur les donn\u00e9es que nous collectons quand vous utilisez notre site web, les raisons pour lesquelles nous le faisons et la mani\u00e8re dont nous pouvons d\u00e8s lors am\u00e9liorer votre exp\u00e9rience. Vous comprendrez ainsi pr\u00e9cis\u00e9ment notre fonctionnement. Cette d\u00e9claration de confidentialit\u00e9 s\u2019applique aux services de Hardy\u2019s Industries nv. Notez que Hardy\u2019s Industries nv n\u2019est pas responsable de la d\u00e9claration de confidentialit\u00e9 d\u2019autres sites et sources. En utilisant ce site web, vous acceptez la pr\u00e9sente d\u00e9claration de confidentialit\u00e9. Hardy\u2019s Industries nv respecte la vie priv\u00e9e de chacun des utilisateurs de son site web et veille \u00e0 traiter de fa\u00e7on confidentielle les donn\u00e9es personnelles que vous nous communiquez. Utilisation des donn\u00e9es recueillies Utilisation de nos servicesLorsque vous avez recours \u00e0 l\u2019un de nos services, nous vous demandons de nous communiquer certaines de vos donn\u00e9es personnelles. Ces donn\u00e9es sont utilis\u00e9es afin de pouvoir vous fournir le service choisi ou vous transmettre les informations demand\u00e9es. Elles sont stock\u00e9es sur des serveurs&#8230;<\/p>\n","protected":false},"author":2,"featured_media":0,"parent":0,"menu_order":0,"comment_status":"closed","ping_status":"closed","template":"","meta":{"_acf_changed":false,"footnotes":""},"class_list":["post-2537","page","type-page","status-publish","hentry"],"acf":[],"yoast_head":"<!-- This site is optimized with the Yoast SEO plugin v23.3 - https:\/\/yoast.com\/wordpress\/plugins\/seo\/ -->\n<title>D\u00e9claration de confidentialit\u00e9 - Hardy&#039;s Industries<\/title>\n<meta name=\"robots\" content=\"index, follow, max-snippet:-1, max-image-preview:large, max-video-preview:-1\" \/>\n<link rel=\"canonical\" href=\"https:\/\/hardysindustries.eu\/fr\/declaration-de-confidentialite\/\" \/>\n<meta property=\"og:locale\" content=\"fr_FR\" \/>\n<meta property=\"og:type\" content=\"article\" \/>\n<meta property=\"og:title\" content=\"D\u00e9claration de confidentialit\u00e9 - Hardy&#039;s Industries\" \/>\n<meta property=\"og:description\" content=\"Version 0.1 Cette page a \u00e9t\u00e9 mise \u00e0 jour pour la derni\u00e8re fois le\u00a016\/08\/2018. Nous sommes conscients de la confiance que vous nous accordez. Nous consid\u00e9rons d\u00e8s lors qu\u2019il est de notre responsabilit\u00e9 de prot\u00e9ger votre vie priv\u00e9e. Sur cette page, nous vous renseignons sur les donn\u00e9es que nous collectons quand vous utilisez notre site web, les raisons pour lesquelles nous le faisons et la mani\u00e8re dont nous pouvons d\u00e8s lors am\u00e9liorer votre exp\u00e9rience. Vous comprendrez ainsi pr\u00e9cis\u00e9ment notre fonctionnement. Cette d\u00e9claration de confidentialit\u00e9 s\u2019applique aux services de Hardy\u2019s Industries nv. Notez que Hardy\u2019s Industries nv n\u2019est pas responsable de la d\u00e9claration de confidentialit\u00e9 d\u2019autres sites et sources. En utilisant ce site web, vous acceptez la pr\u00e9sente d\u00e9claration de confidentialit\u00e9. Hardy\u2019s Industries nv respecte la vie priv\u00e9e de chacun des utilisateurs de son site web et veille \u00e0 traiter de fa\u00e7on confidentielle les donn\u00e9es personnelles que vous nous communiquez. Utilisation des donn\u00e9es recueillies Utilisation de nos servicesLorsque vous avez recours \u00e0 l\u2019un de nos services, nous vous demandons de nous communiquer certaines de vos donn\u00e9es personnelles. Ces donn\u00e9es sont utilis\u00e9es afin de pouvoir vous fournir le service choisi ou vous transmettre les informations demand\u00e9es. Elles sont stock\u00e9es sur des serveurs...\" \/>\n<meta property=\"og:url\" content=\"https:\/\/hardysindustries.eu\/fr\/declaration-de-confidentialite\/\" \/>\n<meta property=\"og:site_name\" content=\"Hardy&#039;s Industries\" \/>\n<meta property=\"article:modified_time\" content=\"2023-05-17T16:10:04+00:00\" \/>\n<meta name=\"twitter:card\" content=\"summary_large_image\" \/>\n<meta name=\"twitter:label1\" content=\"Dur\u00e9e de lecture estim\u00e9e\" \/>\n\t<meta name=\"twitter:data1\" content=\"4 minutes\" \/>\n<script type=\"application\/ld+json\" class=\"yoast-schema-graph\">{\"@context\":\"https:\/\/schema.org\",\"@graph\":[{\"@type\":\"WebPage\",\"@id\":\"https:\/\/hardysindustries.eu\/fr\/declaration-de-confidentialite\/\",\"url\":\"https:\/\/hardysindustries.eu\/fr\/declaration-de-confidentialite\/\",\"name\":\"D\u00e9claration de confidentialit\u00e9 - Hardy&#039;s Industries\",\"isPartOf\":{\"@id\":\"https:\/\/hardysindustries.eu\/fr\/#website\"},\"datePublished\":\"2023-02-28T14:54:33+00:00\",\"dateModified\":\"2023-05-17T16:10:04+00:00\",\"breadcrumb\":{\"@id\":\"https:\/\/hardysindustries.eu\/fr\/declaration-de-confidentialite\/#breadcrumb\"},\"inLanguage\":\"fr-FR\",\"potentialAction\":[{\"@type\":\"ReadAction\",\"target\":[\"https:\/\/hardysindustries.eu\/fr\/declaration-de-confidentialite\/\"]}]},{\"@type\":\"BreadcrumbList\",\"@id\":\"https:\/\/hardysindustries.eu\/fr\/declaration-de-confidentialite\/#breadcrumb\",\"itemListElement\":[{\"@type\":\"ListItem\",\"position\":1,\"name\":\"Home\",\"item\":\"https:\/\/hardysindustries.eu\/fr\/\"},{\"@type\":\"ListItem\",\"position\":2,\"name\":\"D\u00e9claration de confidentialit\u00e9\"}]},{\"@type\":\"WebSite\",\"@id\":\"https:\/\/hardysindustries.eu\/fr\/#website\",\"url\":\"https:\/\/hardysindustries.eu\/fr\/\",\"name\":\"Hardy&#039;s Industries\",\"description\":\"Your partner in logistic projects\",\"potentialAction\":[{\"@type\":\"SearchAction\",\"target\":{\"@type\":\"EntryPoint\",\"urlTemplate\":\"https:\/\/hardysindustries.eu\/fr\/?s={search_term_string}\"},\"query-input\":\"required name=search_term_string\"}],\"inLanguage\":\"fr-FR\"}]}<\/script>\n<!-- \/ Yoast SEO plugin. -->","yoast_head_json":{"title":"D\u00e9claration de confidentialit\u00e9 - Hardy&#039;s Industries","robots":{"index":"index","follow":"follow","max-snippet":"max-snippet:-1","max-image-preview":"max-image-preview:large","max-video-preview":"max-video-preview:-1"},"canonical":"https:\/\/hardysindustries.eu\/fr\/declaration-de-confidentialite\/","og_locale":"fr_FR","og_type":"article","og_title":"D\u00e9claration de confidentialit\u00e9 - Hardy&#039;s Industries","og_description":"Version 0.1 Cette page a \u00e9t\u00e9 mise \u00e0 jour pour la derni\u00e8re fois le\u00a016\/08\/2018. Nous sommes conscients de la confiance que vous nous accordez. Nous consid\u00e9rons d\u00e8s lors qu\u2019il est de notre responsabilit\u00e9 de prot\u00e9ger votre vie priv\u00e9e. Sur cette page, nous vous renseignons sur les donn\u00e9es que nous collectons quand vous utilisez notre site web, les raisons pour lesquelles nous le faisons et la mani\u00e8re dont nous pouvons d\u00e8s lors am\u00e9liorer votre exp\u00e9rience. Vous comprendrez ainsi pr\u00e9cis\u00e9ment notre fonctionnement. Cette d\u00e9claration de confidentialit\u00e9 s\u2019applique aux services de Hardy\u2019s Industries nv. Notez que Hardy\u2019s Industries nv n\u2019est pas responsable de la d\u00e9claration de confidentialit\u00e9 d\u2019autres sites et sources. En utilisant ce site web, vous acceptez la pr\u00e9sente d\u00e9claration de confidentialit\u00e9. Hardy\u2019s Industries nv respecte la vie priv\u00e9e de chacun des utilisateurs de son site web et veille \u00e0 traiter de fa\u00e7on confidentielle les donn\u00e9es personnelles que vous nous communiquez. Utilisation des donn\u00e9es recueillies Utilisation de nos servicesLorsque vous avez recours \u00e0 l\u2019un de nos services, nous vous demandons de nous communiquer certaines de vos donn\u00e9es personnelles. Ces donn\u00e9es sont utilis\u00e9es afin de pouvoir vous fournir le service choisi ou vous transmettre les informations demand\u00e9es. Elles sont stock\u00e9es sur des serveurs...","og_url":"https:\/\/hardysindustries.eu\/fr\/declaration-de-confidentialite\/","og_site_name":"Hardy&#039;s Industries","article_modified_time":"2023-05-17T16:10:04+00:00","twitter_card":"summary_large_image","twitter_misc":{"Dur\u00e9e de lecture estim\u00e9e":"4 minutes"},"schema":{"@context":"https:\/\/schema.org","@graph":[{"@type":"WebPage","@id":"https:\/\/hardysindustries.eu\/fr\/declaration-de-confidentialite\/","url":"https:\/\/hardysindustries.eu\/fr\/declaration-de-confidentialite\/","name":"D\u00e9claration de confidentialit\u00e9 - Hardy&#039;s Industries","isPartOf":{"@id":"https:\/\/hardysindustries.eu\/fr\/#website"},"datePublished":"2023-02-28T14:54:33+00:00","dateModified":"2023-05-17T16:10:04+00:00","breadcrumb":{"@id":"https:\/\/hardysindustries.eu\/fr\/declaration-de-confidentialite\/#breadcrumb"},"inLanguage":"fr-FR","potentialAction":[{"@type":"ReadAction","target":["https:\/\/hardysindustries.eu\/fr\/declaration-de-confidentialite\/"]}]},{"@type":"BreadcrumbList","@id":"https:\/\/hardysindustries.eu\/fr\/declaration-de-confidentialite\/#breadcrumb","itemListElement":[{"@type":"ListItem","position":1,"name":"Home","item":"https:\/\/hardysindustries.eu\/fr\/"},{"@type":"ListItem","position":2,"name":"D\u00e9claration de confidentialit\u00e9"}]},{"@type":"WebSite","@id":"https:\/\/hardysindustries.eu\/fr\/#website","url":"https:\/\/hardysindustries.eu\/fr\/","name":"Hardy&#039;s Industries","description":"Your partner in logistic projects","potentialAction":[{"@type":"SearchAction","target":{"@type":"EntryPoint","urlTemplate":"https:\/\/hardysindustries.eu\/fr\/?s={search_term_string}"},"query-input":"required name=search_term_string"}],"inLanguage":"fr-FR"}]}},"_links":{"self":[{"href":"https:\/\/hardysindustries.eu\/fr\/wp-json\/wp\/v2\/pages\/2537"}],"collection":[{"href":"https:\/\/hardysindustries.eu\/fr\/wp-json\/wp\/v2\/pages"}],"about":[{"href":"https:\/\/hardysindustries.eu\/fr\/wp-json\/wp\/v2\/types\/page"}],"author":[{"embeddable":true,"href":"https:\/\/hardysindustries.eu\/fr\/wp-json\/wp\/v2\/users\/2"}],"replies":[{"embeddable":true,"href":"https:\/\/hardysindustries.eu\/fr\/wp-json\/wp\/v2\/comments?post=2537"}],"version-history":[{"count":1,"href":"https:\/\/hardysindustries.eu\/fr\/wp-json\/wp\/v2\/pages\/2537\/revisions"}],"predecessor-version":[{"id":2808,"href":"https:\/\/hardysindustries.eu\/fr\/wp-json\/wp\/v2\/pages\/2537\/revisions\/2808"}],"wp:attachment":[{"href":"https:\/\/hardysindustries.eu\/fr\/wp-json\/wp\/v2\/media?parent=2537"}],"curies":[{"name":"wp","href":"https:\/\/api.w.org\/{rel}","templated":true}]}}