{"id":2428,"date":"2023-02-16T08:45:24","date_gmt":"2023-02-16T08:45:24","guid":{"rendered":"https:\/\/hardysindustries.eu\/securite-et-prevention\/"},"modified":"2023-05-15T13:33:57","modified_gmt":"2023-05-15T13:33:57","slug":"securite-et-prevention","status":"publish","type":"page","link":"https:\/\/hardysindustries.eu\/fr\/nos-services\/securite-et-prevention\/","title":{"rendered":"S\u00e9curit\u00e9 et pr\u00e9vention"},"content":{"rendered":"\n<p class=\"has-margin-small is-style-intro-text\">\u00c9tant donn\u00e9 la nature de nos activit\u00e9s, la s\u00e9curit\u00e9 <strong>est tiss\u00e9e dans chaque fibre de notre entreprise<\/strong>. C\u2019est d\u2019ailleurs pour cela que 100 % de nos installations re\u00e7oivent le feu vert apr\u00e8s la r\u00e9ception. C\u2019est le fruit d\u2019un recyclage permanent, d\u2019une grande discipline et de 30 ann\u00e9es de r\u00e9alisations d\u2019am\u00e9nagements d\u2019entrep\u00f4ts.<\/p>\n\n<div class=\"wp-block-group alignwide is-style-group-graphic has-white-color has-black-background-color has-text-color has-background\"><div class=\"wp-block-group__inner-container is-layout-flow wp-block-group-is-layout-flow\"><div class='wp-block-text-container  '>\n<h4 class=\"has-white-color has-black-background-color has-text-color has-background wp-block-heading\">Dans notre secteur, la notion de \u00ab s\u00e9curit\u00e9 \u00bb couvre 2 aspects tout aussi cruciaux l\u2019un que l\u2019autre. D\u2019une part, la s\u00e9curit\u00e9 des monteurs qui ex\u00e9cutent les installations, et d\u2019autre part celle de chaque rayonnage plac\u00e9.<\/h4>\n<\/div><\/div><\/div>\n<div class='wp-block-text-container  has-margin-extra-small'>\n<h2 class=\"has-margin-extra-small wp-block-heading\">La s\u00e9curit\u00e9 int\u00e9gr\u00e9e \u00e0 chaque montage<\/h2>\n<\/div><div class='wp-block-text-container  has-margin-extra-small'>\n<h4 class=\"has-margin-extra-small wp-block-heading\">Audit<\/h4>\n<\/div>\n<p class=\"has-margin-small\">Afin que rien ne soit laiss\u00e9 au hasard, toutes nos activit\u00e9s sont constamment soumises \u00e0 des audits tant internes qu\u2019externes. C\u2019est notre fa\u00e7on de garantir \u00e0 nos clients une ex\u00e9cution 100 % conforme aux r\u00e9glementations.<\/p>\n<div class=\"wp-blocks-block  alignwide\">\n    <div\n        class=\"lg:flex bg-secondary-100\"\n    >\n        <div class=\"relative flex-none lg:w-112 xl:w-144 min-h-96\">\n                            <img decoding=\"async\"\n            src=\"https:\/\/hardysindustries.eu\/uploads\/2023\/02\/veiligheid-en-preventie-schaarlift.jpg\" alt=\"Veiligheid en preventie schaarlift\" srcset=\"https:\/\/hardysindustries.eu\/uploads\/2023\/02\/veiligheid-en-preventie-schaarlift-300x169.jpg 300w, https:\/\/hardysindustries.eu\/uploads\/2023\/02\/veiligheid-en-preventie-schaarlift-1024x576.jpg 1024w, https:\/\/hardysindustries.eu\/uploads\/2023\/02\/veiligheid-en-preventie-schaarlift-768x432.jpg 768w, https:\/\/hardysindustries.eu\/uploads\/2023\/02\/veiligheid-en-preventie-schaarlift.jpg 1500w\" width=\"1500\" height=\"844\" loading=\"lazy\" class=\"absolute inset-0 !w-full !h-full object-cover\"\n        >\n\n        \n        \n        \n        \n\n                    <\/div>\n\n        <div class=\"flex-1\">\n            <div class=\"flex items-center min-h-128\">\n                <div class=\"px-4 py-12 md:px-10 lg:px-16 lg:py-16\">\n                    <div class=\"inner-blocks\">\n    \n<div class='wp-block-text-container  has-margin-extra-small'>\n<h4 class=\"has-margin-extra-small wp-block-heading\">Contr\u00f4le du mat\u00e9riel<\/h4>\n<\/div>\n\n\n<p>Les engins de manutention tels que gerbeurs et chariots \u00e9l\u00e9vateurs \u00e0 pantographe sont r\u00e9guli\u00e8rement soumis \u00e0 un contr\u00f4le technique r\u00e9alis\u00e9 par un service externe. Par ailleurs, quiconque veut entrer dans l\u2019entrep\u00f4t doit respecter certaines r\u00e8gles : gilet fluo, chaussures de s\u00e9curit\u00e9 et casque sont le s\u00e9same obligatoire.<\/p>\n\n\n<\/div>\n                <\/div>\n            <\/div>\n        <\/div>\n    <\/div>\n<\/div>\n<div class='wp-block-text-container  has-margin-extra-small'>\n<h4 class=\"has-margin-extra-small wp-block-heading\">Sensibilisation du personnel \u00e0 la s\u00e9curit\u00e9<\/h4>\n<\/div>\n<p>En mati\u00e8re de s\u00e9curit\u00e9, les bons r\u00e9flexes sont inculqu\u00e9s \u00e0 tous nos collaborateurs. Chacun reste vigilant quant aux dangers \u00e9ventuels et prend des mesures pr\u00e9ventives si cela s\u2019impose. Nos collaborateurs sont experts dans leur m\u00e9tier, suivent les formations de s\u00e9curit\u00e9 et poss\u00e8dent les certifications requises pour manipuler du mat\u00e9riel sp\u00e9cialis\u00e9. L\u2019exp\u00e9rience est un autre pilier de la s\u00e9curit\u00e9.<\/p>\n<div class='wp-block-text-container  has-margin-extra-small'>\n<h4 class=\"has-margin-extra-small wp-block-heading\">Formations et certifications<\/h4>\n<\/div>\n<p class=\"has-margin-extra-small\">Toutes les personnes exer\u00e7ant la fonction de Monteur ou de Team Leader ont suivi les formations obligatoires correspondantes et d\u00e9tiennent les attestations requises pour ce poste.<\/p>\n\n<div class=\"has-margin-none wp-block-columns is-layout-flex wp-container-core-columns-is-layout-1 wp-block-columns-is-layout-flex\">\n<div class=\"wp-block-column is-layout-flow wp-block-column-is-layout-flow\">\n<figure class=\"wp-block-image size-full\"><img loading=\"lazy\" decoding=\"async\" width=\"1000\" height=\"451\" src=\"https:\/\/hardysindustries.eu\/uploads\/2023\/03\/vca-gecertifieerd.png\" alt=\"\" class=\"wp-image-1847\" srcset=\"https:\/\/hardysindustries.eu\/uploads\/2023\/03\/vca-gecertifieerd.png 1000w, https:\/\/hardysindustries.eu\/uploads\/2023\/03\/vca-gecertifieerd-300x135.png 300w, https:\/\/hardysindustries.eu\/uploads\/2023\/03\/vca-gecertifieerd-768x346.png 768w\" sizes=\"(max-width: 1000px) 100vw, 1000px\" \/><\/figure>\n<\/div>\n\n\n\n<div class=\"wp-block-column is-layout-flow wp-block-column-is-layout-flow\"><div class='wp-block-text-container  has-margin-none'>\n<h6 class=\"has-margin-none wp-block-heading\">Liste de contr\u00f4le Sant\u00e9, S\u00e9curit\u00e9 et Environnement (VCA)<\/h6>\n<\/div>\n\n\n<p class=\"has-margin-extra-small\">Hardy\u2019s Industries est certifi\u00e9e VCA depuis 2009, une certification qui fait l\u2019objet d\u2019un audit annuel. Gr\u00e2ce \u00e0 la formation VCA qu\u2019ils ont suivie, nos collaborateurs connaissent toutes les normes de s\u00e9curit\u00e9 en vigueur et les appliquent en cons\u00e9quence.<\/p>\n<\/div>\n<\/div>\n<div class='wp-block-text-container  has-margin-none'>\n<h6 class=\"has-margin-none wp-block-heading\">Attestations de pilotage d\u2019engins de montage<\/h6>\n<\/div>\n<p>Nos Monteurs et Team Leaders poss\u00e8dent les certificats requis pour leur fonction. Ces certificats peuvent \u00eatre pr\u00e9sent\u00e9s \u00e0 tout moment, sur demande.<\/p>\n","protected":false},"excerpt":{"rendered":"<p>\u00c9tant donn\u00e9 la nature de nos activit\u00e9s, la s\u00e9curit\u00e9 est tiss\u00e9e dans chaque fibre de notre entreprise. C\u2019est d\u2019ailleurs pour cela que 100 % de nos installations re\u00e7oivent le feu vert apr\u00e8s la r\u00e9ception. C\u2019est le fruit d\u2019un recyclage permanent, d\u2019une grande discipline et de 30 ann\u00e9es de r\u00e9alisations d\u2019am\u00e9nagements d\u2019entrep\u00f4ts. Dans notre secteur, la notion de \u00ab s\u00e9curit\u00e9 \u00bb couvre 2 aspects tout aussi cruciaux l\u2019un que l\u2019autre. D\u2019une part, la s\u00e9curit\u00e9 des monteurs qui ex\u00e9cutent les installations, et d\u2019autre part celle de chaque rayonnage plac\u00e9. La s\u00e9curit\u00e9 int\u00e9gr\u00e9e \u00e0 chaque montage Audit Afin que rien ne soit laiss\u00e9 au hasard, toutes nos activit\u00e9s sont constamment soumises \u00e0 des audits tant internes qu\u2019externes. C\u2019est notre fa\u00e7on de garantir \u00e0 nos clients une ex\u00e9cution 100 % conforme aux r\u00e9glementations. Sensibilisation du personnel \u00e0 la s\u00e9curit\u00e9 En mati\u00e8re de s\u00e9curit\u00e9, les bons r\u00e9flexes sont inculqu\u00e9s \u00e0 tous nos collaborateurs. Chacun reste vigilant quant aux dangers \u00e9ventuels et prend des mesures pr\u00e9ventives si cela s\u2019impose. Nos collaborateurs sont experts dans leur m\u00e9tier, suivent les formations de s\u00e9curit\u00e9 et poss\u00e8dent les certifications requises pour manipuler du mat\u00e9riel sp\u00e9cialis\u00e9. L\u2019exp\u00e9rience est un autre pilier de la s\u00e9curit\u00e9. Formations et certifications Toutes les personnes exer\u00e7ant&#8230;<\/p>\n","protected":false},"author":1,"featured_media":1295,"parent":2412,"menu_order":0,"comment_status":"closed","ping_status":"closed","template":"","meta":{"_acf_changed":false,"footnotes":""},"class_list":["post-2428","page","type-page","status-publish","has-post-thumbnail","hentry"],"acf":[],"yoast_head":"<!-- This site is optimized with the Yoast SEO plugin v23.3 - https:\/\/yoast.com\/wordpress\/plugins\/seo\/ -->\n<title>S\u00e9curit\u00e9 et pr\u00e9vention - Hardy&#039;s Industries<\/title>\n<meta name=\"robots\" content=\"index, follow, max-snippet:-1, max-image-preview:large, max-video-preview:-1\" \/>\n<link rel=\"canonical\" href=\"https:\/\/hardysindustries.eu\/fr\/nos-services\/securite-et-prevention\/\" \/>\n<meta property=\"og:locale\" content=\"fr_FR\" \/>\n<meta property=\"og:type\" content=\"article\" \/>\n<meta property=\"og:title\" content=\"S\u00e9curit\u00e9 et pr\u00e9vention - Hardy&#039;s Industries\" \/>\n<meta property=\"og:description\" content=\"\u00c9tant donn\u00e9 la nature de nos activit\u00e9s, la s\u00e9curit\u00e9 est tiss\u00e9e dans chaque fibre de notre entreprise. C\u2019est d\u2019ailleurs pour cela que 100 % de nos installations re\u00e7oivent le feu vert apr\u00e8s la r\u00e9ception. C\u2019est le fruit d\u2019un recyclage permanent, d\u2019une grande discipline et de 30 ann\u00e9es de r\u00e9alisations d\u2019am\u00e9nagements d\u2019entrep\u00f4ts. Dans notre secteur, la notion de \u00ab s\u00e9curit\u00e9 \u00bb couvre 2 aspects tout aussi cruciaux l\u2019un que l\u2019autre. D\u2019une part, la s\u00e9curit\u00e9 des monteurs qui ex\u00e9cutent les installations, et d\u2019autre part celle de chaque rayonnage plac\u00e9. La s\u00e9curit\u00e9 int\u00e9gr\u00e9e \u00e0 chaque montage Audit Afin que rien ne soit laiss\u00e9 au hasard, toutes nos activit\u00e9s sont constamment soumises \u00e0 des audits tant internes qu\u2019externes. C\u2019est notre fa\u00e7on de garantir \u00e0 nos clients une ex\u00e9cution 100 % conforme aux r\u00e9glementations. Sensibilisation du personnel \u00e0 la s\u00e9curit\u00e9 En mati\u00e8re de s\u00e9curit\u00e9, les bons r\u00e9flexes sont inculqu\u00e9s \u00e0 tous nos collaborateurs. Chacun reste vigilant quant aux dangers \u00e9ventuels et prend des mesures pr\u00e9ventives si cela s\u2019impose. Nos collaborateurs sont experts dans leur m\u00e9tier, suivent les formations de s\u00e9curit\u00e9 et poss\u00e8dent les certifications requises pour manipuler du mat\u00e9riel sp\u00e9cialis\u00e9. L\u2019exp\u00e9rience est un autre pilier de la s\u00e9curit\u00e9. Formations et certifications Toutes les personnes exer\u00e7ant...\" \/>\n<meta property=\"og:url\" content=\"https:\/\/hardysindustries.eu\/fr\/nos-services\/securite-et-prevention\/\" \/>\n<meta property=\"og:site_name\" content=\"Hardy&#039;s Industries\" \/>\n<meta property=\"article:modified_time\" content=\"2023-05-15T13:33:57+00:00\" \/>\n<meta property=\"og:image\" content=\"https:\/\/hardysindustries.eu\/uploads\/2023\/02\/veiligheid-en-preventie-schaarlift.jpg\" \/>\n\t<meta property=\"og:image:width\" content=\"1500\" \/>\n\t<meta property=\"og:image:height\" content=\"844\" \/>\n\t<meta property=\"og:image:type\" content=\"image\/jpeg\" \/>\n<meta name=\"twitter:card\" content=\"summary_large_image\" \/>\n<meta name=\"twitter:label1\" content=\"Dur\u00e9e de lecture estim\u00e9e\" \/>\n\t<meta name=\"twitter:data1\" content=\"2 minutes\" \/>\n<script type=\"application\/ld+json\" class=\"yoast-schema-graph\">{\"@context\":\"https:\/\/schema.org\",\"@graph\":[{\"@type\":\"WebPage\",\"@id\":\"https:\/\/hardysindustries.eu\/fr\/nos-services\/securite-et-prevention\/\",\"url\":\"https:\/\/hardysindustries.eu\/fr\/nos-services\/securite-et-prevention\/\",\"name\":\"S\u00e9curit\u00e9 et pr\u00e9vention - Hardy&#039;s Industries\",\"isPartOf\":{\"@id\":\"https:\/\/hardysindustries.eu\/fr\/#website\"},\"primaryImageOfPage\":{\"@id\":\"https:\/\/hardysindustries.eu\/fr\/nos-services\/securite-et-prevention\/#primaryimage\"},\"image\":{\"@id\":\"https:\/\/hardysindustries.eu\/fr\/nos-services\/securite-et-prevention\/#primaryimage\"},\"thumbnailUrl\":\"https:\/\/hardysindustries.eu\/uploads\/2023\/02\/veiligheid-en-preventie-schaarlift.jpg\",\"datePublished\":\"2023-02-16T08:45:24+00:00\",\"dateModified\":\"2023-05-15T13:33:57+00:00\",\"breadcrumb\":{\"@id\":\"https:\/\/hardysindustries.eu\/fr\/nos-services\/securite-et-prevention\/#breadcrumb\"},\"inLanguage\":\"fr-FR\",\"potentialAction\":[{\"@type\":\"ReadAction\",\"target\":[\"https:\/\/hardysindustries.eu\/fr\/nos-services\/securite-et-prevention\/\"]}]},{\"@type\":\"ImageObject\",\"inLanguage\":\"fr-FR\",\"@id\":\"https:\/\/hardysindustries.eu\/fr\/nos-services\/securite-et-prevention\/#primaryimage\",\"url\":\"https:\/\/hardysindustries.eu\/uploads\/2023\/02\/veiligheid-en-preventie-schaarlift.jpg\",\"contentUrl\":\"https:\/\/hardysindustries.eu\/uploads\/2023\/02\/veiligheid-en-preventie-schaarlift.jpg\",\"width\":1500,\"height\":844,\"caption\":\"Veiligheid en preventie schaarlift\"},{\"@type\":\"BreadcrumbList\",\"@id\":\"https:\/\/hardysindustries.eu\/fr\/nos-services\/securite-et-prevention\/#breadcrumb\",\"itemListElement\":[{\"@type\":\"ListItem\",\"position\":1,\"name\":\"Home\",\"item\":\"https:\/\/hardysindustries.eu\/fr\/\"},{\"@type\":\"ListItem\",\"position\":2,\"name\":\"Nos services\",\"item\":\"https:\/\/hardysindustries.eu\/fr\/nos-services\/\"},{\"@type\":\"ListItem\",\"position\":3,\"name\":\"S\u00e9curit\u00e9 et pr\u00e9vention\"}]},{\"@type\":\"WebSite\",\"@id\":\"https:\/\/hardysindustries.eu\/fr\/#website\",\"url\":\"https:\/\/hardysindustries.eu\/fr\/\",\"name\":\"Hardy&#039;s Industries\",\"description\":\"Your partner in logistic projects\",\"potentialAction\":[{\"@type\":\"SearchAction\",\"target\":{\"@type\":\"EntryPoint\",\"urlTemplate\":\"https:\/\/hardysindustries.eu\/fr\/?s={search_term_string}\"},\"query-input\":\"required name=search_term_string\"}],\"inLanguage\":\"fr-FR\"}]}<\/script>\n<!-- \/ Yoast SEO plugin. -->","yoast_head_json":{"title":"S\u00e9curit\u00e9 et pr\u00e9vention - Hardy&#039;s Industries","robots":{"index":"index","follow":"follow","max-snippet":"max-snippet:-1","max-image-preview":"max-image-preview:large","max-video-preview":"max-video-preview:-1"},"canonical":"https:\/\/hardysindustries.eu\/fr\/nos-services\/securite-et-prevention\/","og_locale":"fr_FR","og_type":"article","og_title":"S\u00e9curit\u00e9 et pr\u00e9vention - Hardy&#039;s Industries","og_description":"\u00c9tant donn\u00e9 la nature de nos activit\u00e9s, la s\u00e9curit\u00e9 est tiss\u00e9e dans chaque fibre de notre entreprise. C\u2019est d\u2019ailleurs pour cela que 100 % de nos installations re\u00e7oivent le feu vert apr\u00e8s la r\u00e9ception. C\u2019est le fruit d\u2019un recyclage permanent, d\u2019une grande discipline et de 30 ann\u00e9es de r\u00e9alisations d\u2019am\u00e9nagements d\u2019entrep\u00f4ts. Dans notre secteur, la notion de \u00ab s\u00e9curit\u00e9 \u00bb couvre 2 aspects tout aussi cruciaux l\u2019un que l\u2019autre. D\u2019une part, la s\u00e9curit\u00e9 des monteurs qui ex\u00e9cutent les installations, et d\u2019autre part celle de chaque rayonnage plac\u00e9. La s\u00e9curit\u00e9 int\u00e9gr\u00e9e \u00e0 chaque montage Audit Afin que rien ne soit laiss\u00e9 au hasard, toutes nos activit\u00e9s sont constamment soumises \u00e0 des audits tant internes qu\u2019externes. C\u2019est notre fa\u00e7on de garantir \u00e0 nos clients une ex\u00e9cution 100 % conforme aux r\u00e9glementations. Sensibilisation du personnel \u00e0 la s\u00e9curit\u00e9 En mati\u00e8re de s\u00e9curit\u00e9, les bons r\u00e9flexes sont inculqu\u00e9s \u00e0 tous nos collaborateurs. Chacun reste vigilant quant aux dangers \u00e9ventuels et prend des mesures pr\u00e9ventives si cela s\u2019impose. Nos collaborateurs sont experts dans leur m\u00e9tier, suivent les formations de s\u00e9curit\u00e9 et poss\u00e8dent les certifications requises pour manipuler du mat\u00e9riel sp\u00e9cialis\u00e9. L\u2019exp\u00e9rience est un autre pilier de la s\u00e9curit\u00e9. Formations et certifications Toutes les personnes exer\u00e7ant...","og_url":"https:\/\/hardysindustries.eu\/fr\/nos-services\/securite-et-prevention\/","og_site_name":"Hardy&#039;s Industries","article_modified_time":"2023-05-15T13:33:57+00:00","og_image":[{"width":1500,"height":844,"url":"https:\/\/hardysindustries.eu\/uploads\/2023\/02\/veiligheid-en-preventie-schaarlift.jpg","type":"image\/jpeg"}],"twitter_card":"summary_large_image","twitter_misc":{"Dur\u00e9e de lecture estim\u00e9e":"2 minutes"},"schema":{"@context":"https:\/\/schema.org","@graph":[{"@type":"WebPage","@id":"https:\/\/hardysindustries.eu\/fr\/nos-services\/securite-et-prevention\/","url":"https:\/\/hardysindustries.eu\/fr\/nos-services\/securite-et-prevention\/","name":"S\u00e9curit\u00e9 et pr\u00e9vention - Hardy&#039;s Industries","isPartOf":{"@id":"https:\/\/hardysindustries.eu\/fr\/#website"},"primaryImageOfPage":{"@id":"https:\/\/hardysindustries.eu\/fr\/nos-services\/securite-et-prevention\/#primaryimage"},"image":{"@id":"https:\/\/hardysindustries.eu\/fr\/nos-services\/securite-et-prevention\/#primaryimage"},"thumbnailUrl":"https:\/\/hardysindustries.eu\/uploads\/2023\/02\/veiligheid-en-preventie-schaarlift.jpg","datePublished":"2023-02-16T08:45:24+00:00","dateModified":"2023-05-15T13:33:57+00:00","breadcrumb":{"@id":"https:\/\/hardysindustries.eu\/fr\/nos-services\/securite-et-prevention\/#breadcrumb"},"inLanguage":"fr-FR","potentialAction":[{"@type":"ReadAction","target":["https:\/\/hardysindustries.eu\/fr\/nos-services\/securite-et-prevention\/"]}]},{"@type":"ImageObject","inLanguage":"fr-FR","@id":"https:\/\/hardysindustries.eu\/fr\/nos-services\/securite-et-prevention\/#primaryimage","url":"https:\/\/hardysindustries.eu\/uploads\/2023\/02\/veiligheid-en-preventie-schaarlift.jpg","contentUrl":"https:\/\/hardysindustries.eu\/uploads\/2023\/02\/veiligheid-en-preventie-schaarlift.jpg","width":1500,"height":844,"caption":"Veiligheid en preventie schaarlift"},{"@type":"BreadcrumbList","@id":"https:\/\/hardysindustries.eu\/fr\/nos-services\/securite-et-prevention\/#breadcrumb","itemListElement":[{"@type":"ListItem","position":1,"name":"Home","item":"https:\/\/hardysindustries.eu\/fr\/"},{"@type":"ListItem","position":2,"name":"Nos services","item":"https:\/\/hardysindustries.eu\/fr\/nos-services\/"},{"@type":"ListItem","position":3,"name":"S\u00e9curit\u00e9 et pr\u00e9vention"}]},{"@type":"WebSite","@id":"https:\/\/hardysindustries.eu\/fr\/#website","url":"https:\/\/hardysindustries.eu\/fr\/","name":"Hardy&#039;s Industries","description":"Your partner in logistic projects","potentialAction":[{"@type":"SearchAction","target":{"@type":"EntryPoint","urlTemplate":"https:\/\/hardysindustries.eu\/fr\/?s={search_term_string}"},"query-input":"required name=search_term_string"}],"inLanguage":"fr-FR"}]}},"_links":{"self":[{"href":"https:\/\/hardysindustries.eu\/fr\/wp-json\/wp\/v2\/pages\/2428"}],"collection":[{"href":"https:\/\/hardysindustries.eu\/fr\/wp-json\/wp\/v2\/pages"}],"about":[{"href":"https:\/\/hardysindustries.eu\/fr\/wp-json\/wp\/v2\/types\/page"}],"author":[{"embeddable":true,"href":"https:\/\/hardysindustries.eu\/fr\/wp-json\/wp\/v2\/users\/1"}],"replies":[{"embeddable":true,"href":"https:\/\/hardysindustries.eu\/fr\/wp-json\/wp\/v2\/comments?post=2428"}],"version-history":[{"count":2,"href":"https:\/\/hardysindustries.eu\/fr\/wp-json\/wp\/v2\/pages\/2428\/revisions"}],"predecessor-version":[{"id":2687,"href":"https:\/\/hardysindustries.eu\/fr\/wp-json\/wp\/v2\/pages\/2428\/revisions\/2687"}],"up":[{"embeddable":true,"href":"https:\/\/hardysindustries.eu\/fr\/wp-json\/wp\/v2\/pages\/2412"}],"wp:featuredmedia":[{"embeddable":true,"href":"https:\/\/hardysindustries.eu\/fr\/wp-json\/wp\/v2\/media\/1295"}],"wp:attachment":[{"href":"https:\/\/hardysindustries.eu\/fr\/wp-json\/wp\/v2\/media?parent=2428"}],"curies":[{"name":"wp","href":"https:\/\/api.w.org\/{rel}","templated":true}]}}