{"id":2420,"date":"2023-02-16T08:45:38","date_gmt":"2023-02-16T08:45:38","guid":{"rendered":"https:\/\/hardysindustries.eu\/demenagement-dentrepots\/"},"modified":"2023-05-15T13:53:22","modified_gmt":"2023-05-15T13:53:22","slug":"demenagement-dentrepots","status":"publish","type":"page","link":"https:\/\/hardysindustries.eu\/fr\/nos-services\/demenagement-dentrepots\/","title":{"rendered":"D\u00e9m\u00e9nagement d\u2019entrep\u00f4ts"},"content":{"rendered":"\n<p class=\"has-margin-small is-style-intro-text\">Bien entendu, une entreprise peut d\u00e9cider d\u2019entreposer ses produits \u00e0 un autre endroit. S\u2019il n\u2019est pas question de remplacer les rayonnages existants, alors il faut les d\u00e9placer. <\/p>\n\n\n\n<div class=\"has-margin-none wp-block-columns is-layout-flex wp-container-core-columns-is-layout-1 wp-block-columns-is-layout-flex\">\n<div class=\"wp-block-column is-layout-flow wp-block-column-is-layout-flow\"><div class='wp-block-text-container alignwide has-margin-extra-small'>\n<h2 class=\"has-margin-extra-small alignwide wp-block-heading\"><strong><strong>D\u00e9montage et remontage d\u2019entrep\u00f4t<\/strong><\/strong><\/h2>\n<\/div>\n\n\n<p class=\"has-margin-extra-small alignwide has-text-align-wide\">Voici les diff\u00e9rentes phases qu\u2019implique le d\u00e9m\u00e9nagement d\u2019une infrastructure d\u2019entreposage existante \u00e0 un autre endroit :<\/p>\n\n\n<div class=\"wp-blocks-block  alignwide\">\n    <div\n        class=\"grid gap-6 overflow-hidden grid-cols-1 sm:grid-cols-2 md:grid-cols-2 lg:grid-cols-3\"\n    >\n                    <div class=\"min-h-60 p-8 bg-primary-100 border-b-4 border-primary-500\">\n                <div class=\"flex\">\n                    <span class=\"text-primary-500 text-3xl font-bold mr-4\">1<\/span>\n                    <div class=\"text-lg lg:!text-xl pt-1.5 font-bold leading-snug\">D\u00e9montage<\/div>\n                <\/div>\n                <p class=\"whitespace-pre-line !text-sm !leading-loose\">\n                    D\u00e9montage dans les r\u00e8gles de l\u2019art de l\u2019installation en place, c\u2019est-\u00e0-dire en toute s\u00e9curit\u00e9 et suivant un canevas fixe.\n                <\/p>\n            <\/div>\n                    <div class=\"min-h-60 p-8 bg-primary-100 border-b-4 border-primary-500\">\n                <div class=\"flex\">\n                    <span class=\"text-primary-500 text-3xl font-bold mr-4\">2<\/span>\n                    <div class=\"text-lg lg:!text-xl pt-1.5 font-bold leading-snug\">Emballage<\/div>\n                <\/div>\n                <p class=\"whitespace-pre-line !text-sm !leading-loose\">\n                    Emballage professionnel des diff\u00e9rentes pi\u00e8ces, de fa\u00e7on \u00e0 ce qu\u2019elles soient bien prot\u00e9g\u00e9es pendant le transport.\n                <\/p>\n            <\/div>\n                    <div class=\"min-h-60 p-8 bg-primary-100 border-b-4 border-primary-500\">\n                <div class=\"flex\">\n                    <span class=\"text-primary-500 text-3xl font-bold mr-4\">3<\/span>\n                    <div class=\"text-lg lg:!text-xl pt-1.5 font-bold leading-snug\">Transport<\/div>\n                <\/div>\n                <p class=\"whitespace-pre-line !text-sm !leading-loose\">\n                    Acheminement au nouvel entrep\u00f4t. Hardy\u2019s Industries dispose d\u2019un parc de v\u00e9hicules de transport et peut aussi assurer le stockage temporaire des \u00e9l\u00e9ments d\u00e9mont\u00e9s en cas de besoin.\n                <\/p>\n            <\/div>\n                    <div class=\"min-h-60 p-8 bg-primary-100 border-b-4 border-primary-500\">\n                <div class=\"flex\">\n                    <span class=\"text-primary-500 text-3xl font-bold mr-4\">4<\/span>\n                    <div class=\"text-lg lg:!text-xl pt-1.5 font-bold leading-snug\">Remontage<\/div>\n                <\/div>\n                <p class=\"whitespace-pre-line !text-sm !leading-loose\">\n                    Remontage de l\u2019installation au nouvel endroit.\n                <\/p>\n            <\/div>\n                    <div class=\"min-h-60 p-8 bg-primary-100 border-b-4 border-primary-500\">\n                <div class=\"flex\">\n                    <span class=\"text-primary-500 text-3xl font-bold mr-4\">5<\/span>\n                    <div class=\"text-lg lg:!text-xl pt-1.5 font-bold leading-snug\">R\u00e9ception<\/div>\n                <\/div>\n                <p class=\"whitespace-pre-line !text-sm !leading-loose\">\n                    V\u00e9rification du caract\u00e8re professionnel et de la qualit\u00e9 de l\u2019installation selon un protocole de r\u00e9ception.\n                <\/p>\n            <\/div>\n                    <div class=\"min-h-60 p-8 bg-primary-100 border-b-4 border-primary-500\">\n                <div class=\"flex\">\n                    <span class=\"text-primary-500 text-3xl font-bold mr-4\">6<\/span>\n                    <div class=\"text-lg lg:!text-xl pt-1.5 font-bold leading-snug\">Homologation<\/div>\n                <\/div>\n                <p class=\"whitespace-pre-line !text-sm !leading-loose\">\n                    La derni\u00e8re \u00e9tape, si elle est requise, est l\u2019homologation, qui confirme la conformit\u00e9 de l\u2019installation.\n                <\/p>\n            <\/div>\n            <\/div>\n<\/div>\n<\/div>\n<\/div>\n\n\n\n<div class=\"has-margin-extra-large wp-block-columns alignwide is-layout-flex wp-container-core-columns-is-layout-2 wp-block-columns-is-layout-flex\">\n<div class=\"wp-block-column is-layout-flow wp-block-column-is-layout-flow\"><div class='wp-block-text-container  has-margin-extra-small'>\n<h2 class=\"has-margin-extra-small wp-block-heading\"><strong>Un syst\u00e8me bien rod\u00e9<\/strong><\/h2>\n<\/div>\n\n\n<p class=\"has-margin-small\">Le d\u00e9montage, le transport, l\u2019entreposage et le remontage suivent tous une <strong>proc\u00e9dure tr\u00e8s stricte<\/strong>. La qualit\u00e9 de l\u2019installation remont\u00e9e au nouvel endroit doit \u00eatre au moins aussi bonne qu\u2019avant. Et si nous pouvons profiter de l\u2019occasion pour y apporter des <strong>am\u00e9liorations<\/strong>, nous vous soumettons nos id\u00e9es \u00e0 ce sujet. <\/p>\n<\/div>\n\n\n\n<div class=\"wp-block-column is-layout-flow wp-block-column-is-layout-flow\"><div\n    class=\"wp-blocks-block  alignwide\"\n>\n    <div class=\"flex flex-col max-w-md ml-auto mr-auto md:mr-0\">\n        <div\n            class=\"!h-64 overflow-hidden\"\n        >\n                            <img decoding=\"async\"\n            src=\"https:\/\/hardysindustries.eu\/uploads\/2023\/02\/magazijn-verplaatsen-4.jpg\" alt=\"Magazijn verplaatsen\" srcset=\"https:\/\/hardysindustries.eu\/uploads\/2023\/02\/magazijn-verplaatsen-4-300x169.jpg 300w, https:\/\/hardysindustries.eu\/uploads\/2023\/02\/magazijn-verplaatsen-4-768x432.jpg 768w, https:\/\/hardysindustries.eu\/uploads\/2023\/02\/magazijn-verplaatsen-4.jpg 1000w\" width=\"1000\" height=\"563\" loading=\"lazy\" class=\"object-cover !h-64 w-full transition-all duration-200 hover:scale-110 hover:opacity-90\"\n        >\n\n        \n        \n        \n        \n\n                    <\/div>\n\n        <div class=\"flex flex-col sm:flex-1 justify-between py-8 px-6 gap-y-2 min-h-32 border-b-4 border-primary-500 bg-primary-100\">\n                            <div class=\"!font-bold !text-lg !leading-relaxed whitespace-pre-line\">Vous pr\u00e9voyez de d\u00e9m\u00e9nager un entrep\u00f4t ? Laissez nos experts vous aider.<\/div>\n                                        <a class=\"flex items-end border-b border-primary-500 pb-1 pt-4 group w-fit items-center\" href=\"https:\/\/hardysindustries.eu\/nl\/contact\/\">\n                    <span class=\"font-bold text-sm\">Contactez-nous<\/span>\n                    <span class=\"text-primary-500 ml-4 transition-transform duration-200 group-hover:translate-x-1\">\n                        <svg xmlns=\"http:\/\/www.w3.org\/2000\/svg\" viewBox=\"0 0 448 512\" class=\"svg-inline--fa  far fa-long-arrow-right\" role=\"img\" aria-hidden=\"true\" style=\"color:currentColor\"><!-- Font Awesome Pro 5.15.3 by @fontawesome - https:\/\/fontawesome.com License - https:\/\/fontawesome.com\/license (Commercial License) --><path d=\"M295.515 115.716l-19.626 19.626c-4.753 4.753-4.675 12.484.173 17.14L356.78 230H12c-6.627 0-12 5.373-12 12v28c0 6.627 5.373 12 12 12h344.78l-80.717 77.518c-4.849 4.656-4.927 12.387-.173 17.14l19.626 19.626c4.686 4.686 12.284 4.686 16.971 0l131.799-131.799c4.686-4.686 4.686-12.284 0-16.971L312.485 115.716c-4.686-4.686-12.284-4.686-16.97 0z\" fill=\"currentColor\"><\/path><\/svg>\n                    <\/span>\n                <\/a>\n                    <\/div>\n    <\/div>\n<\/div>\n<\/div>\n<\/div>\n","protected":false},"excerpt":{"rendered":"<p>Bien entendu, une entreprise peut d\u00e9cider d\u2019entreposer ses produits \u00e0 un autre endroit. S\u2019il n\u2019est pas question de remplacer les rayonnages existants, alors il faut les d\u00e9placer. D\u00e9montage et remontage d\u2019entrep\u00f4t Voici les diff\u00e9rentes phases qu\u2019implique le d\u00e9m\u00e9nagement d\u2019une infrastructure d\u2019entreposage existante \u00e0 un autre endroit : Un syst\u00e8me bien rod\u00e9 Le d\u00e9montage, le transport, l\u2019entreposage et le remontage suivent tous une proc\u00e9dure tr\u00e8s stricte. La qualit\u00e9 de l\u2019installation remont\u00e9e au nouvel endroit doit \u00eatre au moins aussi bonne qu\u2019avant. Et si nous pouvons profiter de l\u2019occasion pour y apporter des am\u00e9liorations, nous vous soumettons nos id\u00e9es \u00e0 ce sujet.<\/p>\n","protected":false},"author":1,"featured_media":914,"parent":2412,"menu_order":0,"comment_status":"closed","ping_status":"closed","template":"","meta":{"_acf_changed":false,"footnotes":""},"class_list":["post-2420","page","type-page","status-publish","has-post-thumbnail","hentry"],"acf":[],"yoast_head":"<!-- This site is optimized with the Yoast SEO plugin v23.3 - https:\/\/yoast.com\/wordpress\/plugins\/seo\/ -->\n<title>D\u00e9m\u00e9nagement d\u2019entrep\u00f4ts - Hardy&#039;s Industries<\/title>\n<meta name=\"robots\" content=\"index, follow, max-snippet:-1, max-image-preview:large, max-video-preview:-1\" \/>\n<link rel=\"canonical\" href=\"https:\/\/hardysindustries.eu\/fr\/nos-services\/demenagement-dentrepots\/\" \/>\n<meta property=\"og:locale\" content=\"fr_FR\" \/>\n<meta property=\"og:type\" content=\"article\" \/>\n<meta property=\"og:title\" content=\"D\u00e9m\u00e9nagement d\u2019entrep\u00f4ts - Hardy&#039;s Industries\" \/>\n<meta property=\"og:description\" content=\"Bien entendu, une entreprise peut d\u00e9cider d\u2019entreposer ses produits \u00e0 un autre endroit. S\u2019il n\u2019est pas question de remplacer les rayonnages existants, alors il faut les d\u00e9placer. D\u00e9montage et remontage d\u2019entrep\u00f4t Voici les diff\u00e9rentes phases qu\u2019implique le d\u00e9m\u00e9nagement d\u2019une infrastructure d\u2019entreposage existante \u00e0 un autre endroit : Un syst\u00e8me bien rod\u00e9 Le d\u00e9montage, le transport, l\u2019entreposage et le remontage suivent tous une proc\u00e9dure tr\u00e8s stricte. La qualit\u00e9 de l\u2019installation remont\u00e9e au nouvel endroit doit \u00eatre au moins aussi bonne qu\u2019avant. Et si nous pouvons profiter de l\u2019occasion pour y apporter des am\u00e9liorations, nous vous soumettons nos id\u00e9es \u00e0 ce sujet.\" \/>\n<meta property=\"og:url\" content=\"https:\/\/hardysindustries.eu\/fr\/nos-services\/demenagement-dentrepots\/\" \/>\n<meta property=\"og:site_name\" content=\"Hardy&#039;s Industries\" \/>\n<meta property=\"article:modified_time\" content=\"2023-05-15T13:53:22+00:00\" \/>\n<meta property=\"og:image\" content=\"https:\/\/hardysindustries.eu\/uploads\/2023\/02\/magazijn-verplaatsen-4.jpg\" \/>\n\t<meta property=\"og:image:width\" content=\"1000\" \/>\n\t<meta property=\"og:image:height\" content=\"563\" \/>\n\t<meta property=\"og:image:type\" content=\"image\/jpeg\" \/>\n<meta name=\"twitter:card\" content=\"summary_large_image\" \/>\n<meta name=\"twitter:label1\" content=\"Dur\u00e9e de lecture estim\u00e9e\" \/>\n\t<meta name=\"twitter:data1\" content=\"1 minute\" \/>\n<script type=\"application\/ld+json\" class=\"yoast-schema-graph\">{\"@context\":\"https:\/\/schema.org\",\"@graph\":[{\"@type\":\"WebPage\",\"@id\":\"https:\/\/hardysindustries.eu\/fr\/nos-services\/demenagement-dentrepots\/\",\"url\":\"https:\/\/hardysindustries.eu\/fr\/nos-services\/demenagement-dentrepots\/\",\"name\":\"D\u00e9m\u00e9nagement d\u2019entrep\u00f4ts - Hardy&#039;s Industries\",\"isPartOf\":{\"@id\":\"https:\/\/hardysindustries.eu\/fr\/#website\"},\"primaryImageOfPage\":{\"@id\":\"https:\/\/hardysindustries.eu\/fr\/nos-services\/demenagement-dentrepots\/#primaryimage\"},\"image\":{\"@id\":\"https:\/\/hardysindustries.eu\/fr\/nos-services\/demenagement-dentrepots\/#primaryimage\"},\"thumbnailUrl\":\"https:\/\/hardysindustries.eu\/uploads\/2023\/02\/magazijn-verplaatsen-4.jpg\",\"datePublished\":\"2023-02-16T08:45:38+00:00\",\"dateModified\":\"2023-05-15T13:53:22+00:00\",\"breadcrumb\":{\"@id\":\"https:\/\/hardysindustries.eu\/fr\/nos-services\/demenagement-dentrepots\/#breadcrumb\"},\"inLanguage\":\"fr-FR\",\"potentialAction\":[{\"@type\":\"ReadAction\",\"target\":[\"https:\/\/hardysindustries.eu\/fr\/nos-services\/demenagement-dentrepots\/\"]}]},{\"@type\":\"ImageObject\",\"inLanguage\":\"fr-FR\",\"@id\":\"https:\/\/hardysindustries.eu\/fr\/nos-services\/demenagement-dentrepots\/#primaryimage\",\"url\":\"https:\/\/hardysindustries.eu\/uploads\/2023\/02\/magazijn-verplaatsen-4.jpg\",\"contentUrl\":\"https:\/\/hardysindustries.eu\/uploads\/2023\/02\/magazijn-verplaatsen-4.jpg\",\"width\":1000,\"height\":563,\"caption\":\"Magazijn verplaatsen\"},{\"@type\":\"BreadcrumbList\",\"@id\":\"https:\/\/hardysindustries.eu\/fr\/nos-services\/demenagement-dentrepots\/#breadcrumb\",\"itemListElement\":[{\"@type\":\"ListItem\",\"position\":1,\"name\":\"Home\",\"item\":\"https:\/\/hardysindustries.eu\/fr\/\"},{\"@type\":\"ListItem\",\"position\":2,\"name\":\"Nos services\",\"item\":\"https:\/\/hardysindustries.eu\/fr\/nos-services\/\"},{\"@type\":\"ListItem\",\"position\":3,\"name\":\"D\u00e9m\u00e9nagement d\u2019entrep\u00f4ts\"}]},{\"@type\":\"WebSite\",\"@id\":\"https:\/\/hardysindustries.eu\/fr\/#website\",\"url\":\"https:\/\/hardysindustries.eu\/fr\/\",\"name\":\"Hardy&#039;s Industries\",\"description\":\"Your partner in logistic projects\",\"potentialAction\":[{\"@type\":\"SearchAction\",\"target\":{\"@type\":\"EntryPoint\",\"urlTemplate\":\"https:\/\/hardysindustries.eu\/fr\/?s={search_term_string}\"},\"query-input\":\"required name=search_term_string\"}],\"inLanguage\":\"fr-FR\"}]}<\/script>\n<!-- \/ Yoast SEO plugin. -->","yoast_head_json":{"title":"D\u00e9m\u00e9nagement d\u2019entrep\u00f4ts - Hardy&#039;s Industries","robots":{"index":"index","follow":"follow","max-snippet":"max-snippet:-1","max-image-preview":"max-image-preview:large","max-video-preview":"max-video-preview:-1"},"canonical":"https:\/\/hardysindustries.eu\/fr\/nos-services\/demenagement-dentrepots\/","og_locale":"fr_FR","og_type":"article","og_title":"D\u00e9m\u00e9nagement d\u2019entrep\u00f4ts - Hardy&#039;s Industries","og_description":"Bien entendu, une entreprise peut d\u00e9cider d\u2019entreposer ses produits \u00e0 un autre endroit. S\u2019il n\u2019est pas question de remplacer les rayonnages existants, alors il faut les d\u00e9placer. D\u00e9montage et remontage d\u2019entrep\u00f4t Voici les diff\u00e9rentes phases qu\u2019implique le d\u00e9m\u00e9nagement d\u2019une infrastructure d\u2019entreposage existante \u00e0 un autre endroit : Un syst\u00e8me bien rod\u00e9 Le d\u00e9montage, le transport, l\u2019entreposage et le remontage suivent tous une proc\u00e9dure tr\u00e8s stricte. La qualit\u00e9 de l\u2019installation remont\u00e9e au nouvel endroit doit \u00eatre au moins aussi bonne qu\u2019avant. Et si nous pouvons profiter de l\u2019occasion pour y apporter des am\u00e9liorations, nous vous soumettons nos id\u00e9es \u00e0 ce sujet.","og_url":"https:\/\/hardysindustries.eu\/fr\/nos-services\/demenagement-dentrepots\/","og_site_name":"Hardy&#039;s Industries","article_modified_time":"2023-05-15T13:53:22+00:00","og_image":[{"width":1000,"height":563,"url":"https:\/\/hardysindustries.eu\/uploads\/2023\/02\/magazijn-verplaatsen-4.jpg","type":"image\/jpeg"}],"twitter_card":"summary_large_image","twitter_misc":{"Dur\u00e9e de lecture estim\u00e9e":"1 minute"},"schema":{"@context":"https:\/\/schema.org","@graph":[{"@type":"WebPage","@id":"https:\/\/hardysindustries.eu\/fr\/nos-services\/demenagement-dentrepots\/","url":"https:\/\/hardysindustries.eu\/fr\/nos-services\/demenagement-dentrepots\/","name":"D\u00e9m\u00e9nagement d\u2019entrep\u00f4ts - Hardy&#039;s Industries","isPartOf":{"@id":"https:\/\/hardysindustries.eu\/fr\/#website"},"primaryImageOfPage":{"@id":"https:\/\/hardysindustries.eu\/fr\/nos-services\/demenagement-dentrepots\/#primaryimage"},"image":{"@id":"https:\/\/hardysindustries.eu\/fr\/nos-services\/demenagement-dentrepots\/#primaryimage"},"thumbnailUrl":"https:\/\/hardysindustries.eu\/uploads\/2023\/02\/magazijn-verplaatsen-4.jpg","datePublished":"2023-02-16T08:45:38+00:00","dateModified":"2023-05-15T13:53:22+00:00","breadcrumb":{"@id":"https:\/\/hardysindustries.eu\/fr\/nos-services\/demenagement-dentrepots\/#breadcrumb"},"inLanguage":"fr-FR","potentialAction":[{"@type":"ReadAction","target":["https:\/\/hardysindustries.eu\/fr\/nos-services\/demenagement-dentrepots\/"]}]},{"@type":"ImageObject","inLanguage":"fr-FR","@id":"https:\/\/hardysindustries.eu\/fr\/nos-services\/demenagement-dentrepots\/#primaryimage","url":"https:\/\/hardysindustries.eu\/uploads\/2023\/02\/magazijn-verplaatsen-4.jpg","contentUrl":"https:\/\/hardysindustries.eu\/uploads\/2023\/02\/magazijn-verplaatsen-4.jpg","width":1000,"height":563,"caption":"Magazijn verplaatsen"},{"@type":"BreadcrumbList","@id":"https:\/\/hardysindustries.eu\/fr\/nos-services\/demenagement-dentrepots\/#breadcrumb","itemListElement":[{"@type":"ListItem","position":1,"name":"Home","item":"https:\/\/hardysindustries.eu\/fr\/"},{"@type":"ListItem","position":2,"name":"Nos services","item":"https:\/\/hardysindustries.eu\/fr\/nos-services\/"},{"@type":"ListItem","position":3,"name":"D\u00e9m\u00e9nagement d\u2019entrep\u00f4ts"}]},{"@type":"WebSite","@id":"https:\/\/hardysindustries.eu\/fr\/#website","url":"https:\/\/hardysindustries.eu\/fr\/","name":"Hardy&#039;s Industries","description":"Your partner in logistic projects","potentialAction":[{"@type":"SearchAction","target":{"@type":"EntryPoint","urlTemplate":"https:\/\/hardysindustries.eu\/fr\/?s={search_term_string}"},"query-input":"required name=search_term_string"}],"inLanguage":"fr-FR"}]}},"_links":{"self":[{"href":"https:\/\/hardysindustries.eu\/fr\/wp-json\/wp\/v2\/pages\/2420"}],"collection":[{"href":"https:\/\/hardysindustries.eu\/fr\/wp-json\/wp\/v2\/pages"}],"about":[{"href":"https:\/\/hardysindustries.eu\/fr\/wp-json\/wp\/v2\/types\/page"}],"author":[{"embeddable":true,"href":"https:\/\/hardysindustries.eu\/fr\/wp-json\/wp\/v2\/users\/1"}],"replies":[{"embeddable":true,"href":"https:\/\/hardysindustries.eu\/fr\/wp-json\/wp\/v2\/comments?post=2420"}],"version-history":[{"count":2,"href":"https:\/\/hardysindustries.eu\/fr\/wp-json\/wp\/v2\/pages\/2420\/revisions"}],"predecessor-version":[{"id":2698,"href":"https:\/\/hardysindustries.eu\/fr\/wp-json\/wp\/v2\/pages\/2420\/revisions\/2698"}],"up":[{"embeddable":true,"href":"https:\/\/hardysindustries.eu\/fr\/wp-json\/wp\/v2\/pages\/2412"}],"wp:featuredmedia":[{"embeddable":true,"href":"https:\/\/hardysindustries.eu\/fr\/wp-json\/wp\/v2\/media\/914"}],"wp:attachment":[{"href":"https:\/\/hardysindustries.eu\/fr\/wp-json\/wp\/v2\/media?parent=2420"}],"curies":[{"name":"wp","href":"https:\/\/api.w.org\/{rel}","templated":true}]}}